{"id":8103,"date":"2014-12-26T08:42:39","date_gmt":"2014-12-26T08:42:39","guid":{"rendered":"http:\/\/www.casessingulars.cat\/equipo-2\/"},"modified":"2020-11-17T16:15:03","modified_gmt":"2020-11-17T16:15:03","slug":"equipe","status":"publish","type":"page","link":"https:\/\/www.casessingulars.cat\/fr\/equipe\/","title":{"rendered":"\u00c9quipe"},"content":{"rendered":"<p>[vc_row][vc_column][vc_single_image image=\u00a0\u00bb8104&Prime; style=\u00a0\u00bbrounded\u00a0\u00bb alt=\u00a0\u00bbInteriores Cases Singulars del Empord\u00e0\u00a0\u00bb]<hr  class=\"noo-gap\" style=\" margin: 30px 0 0 0;\"><blockquote  class=\"noo-quote text-center\" >\n  <p><p style=\"text-align: justify;\">Cases Singulars de L\u2019Empord\u00e0 est une id\u00e9e qui a vu le jour gr\u00e2ce \u00e0 l\u2019enthousiasme de deux associ\u00e9s ; un promoteur immobilier avec plus de 35 ans d\u2019exp\u00e9rience et un architecte avec plus de 25 d\u2019exp\u00e9rience, tous deux passionn\u00e9s de la zone de l\u2019Empord\u00e0 et de son paysage. Ils ont mis en commun leurs connaissances pour se consacrer \u00e0 la vente et \u00e0 la restauration de maisons anciennes, situ\u00e9es dans les centres historiques -ou \u00e0 c\u00f4t\u00e9- des villages de charmes du Baix Empord\u00e0, \u00e0 proximit\u00e9 des plus belles plages de la Costa Brava.<\/p>\n<\/p>\n  <cite title=\"Cases Singulars de l'Empord\u00e0\">Cases Singulars de l'Empord\u00e0<\/cite>\n<\/blockquote>[\/vc_column][\/vc_row][vc_row][vc_column width=\u00a0\u00bb1\/2&Prime;][vc_column_text]<\/p>\n<p style=\"text-align: justify;\">Nous donnons \u00e0 chacun des\u00a0<strong>logements anciens que nous r\u00e9novons<\/strong>, abandonn\u00e9s depuis longtemps, une nouvelle vie et une image plus moderne, tout en respectant et en mettant en valeur les \u00e9l\u00e9ments qui les rendent uniques et originaux.<\/p>\n<p style=\"text-align: justify;\">Pour ce faire, toute l&rsquo;\u00e9quipe de Cases Singulars applique des <strong>crit\u00e8res de r\u00e9novation rigoureux<\/strong>\u00a0qui respectent par-dessus tout la structure existante de ces maisons en pierres naturelles, leurs fa\u00e7ades int\u00e9rieures et ext\u00e9rieures, les rev\u00eatements anciens, les poutres en bois des plafonds, la fa\u00efence, les vo\u00fbtes catalanes et les toits mansard\u00e9s\u2026<\/p>\n<p>[\/vc_column_text][vc_single_image image=\u00a0\u00bb8105&Prime; style=\u00a0\u00bbrounded\u00a0\u00bb alt=\u00a0\u00bbGloria Duran arquitecta, Cases Singulars Empord\u00e0\u00a0\u00bb][\/vc_column][vc_column width=\u00a0\u00bb1\/2&Prime;][vc_column_text]<\/p>\n<p style=\"text-align: justify;\">Tous nos ouvrages se caract\u00e9risent par l&#8217;emploi de <strong>mat\u00e9riaux et de mobilier de premier ordre et qualit\u00e9<\/strong>, nous profitons au maximum de la lumi\u00e8re naturelle de ces maisons -notamment dans les rez-de-chauss\u00e9e g\u00e9n\u00e9ralement tr\u00e8s sombres-, nous combinons les espaces int\u00e9rieurs et ext\u00e9rieurs, et nous incorporons des crit\u00e8res qui favorisent la viabilit\u00e9 des habitations au sein de l&rsquo;environnement.<\/p>\n<p style=\"text-align: justify;\">Vous pourrez juger vous-m\u00eame du r\u00e9sultat de notre travail en visitant les\u00a0maisons que nous proposons actuellement \u00e0 la vente dans l&rsquo;Empord\u00e0: des espaces uniques, agr\u00e9ables, diaphanes, tr\u00e8s bien am\u00e9nag\u00e9s et distribu\u00e9s et confortables, un endroit id\u00e9al pour les catalans, fran\u00e7ais, allemands, hollandais, anglais et les familles espagnoles s\u00e9duits par la <strong>magie de l&rsquo;Empord\u00e0 et de ses villages <\/strong>pleins de charme et d&rsquo;histoire, qui d\u00e9cident de s&rsquo;installer dans l&rsquo;une de ces propri\u00e9t\u00e9s pour y vivre toute l&rsquo;ann\u00e9e, ou pendant les vacances.<\/p>\n<p>[\/vc_column_text][vc_single_image image=\u00a0\u00bb8106&Prime; style=\u00a0\u00bbrounded\u00a0\u00bb alt=\u00a0\u00bbJA Casanovas, Cases Singulars Empord\u00e0\u00a0\u00bb][\/vc_column][\/vc_row][vc_row][vc_column]<hr  class=\"noo-gap\" style=\" margin: 30px 0 0 0;\">[vc_column_text]<\/p>\n<p style=\"text-align: center;\">V\u00e9rifiez le menu principal o\u00f9 vous parlez des gens de l&rsquo;Empord\u00e0 o\u00f9 nous avons des maisons, et fait cela, allez directement au menu de maisons \u00e0 vendre.<\/p>\n<p>[\/vc_column_text][\/vc_column][\/vc_row][vc_row inner_container=\u00a0\u00bbtrue\u00a0\u00bb][vc_column][vc_btn title=\u00a0\u00bbMaisons \u00e0 Vendre dans le Baix Empord\u00e0\u00a0\u00bb style=\u00a0\u00bbflat\u00a0\u00bb shape=\u00a0\u00bbsquare\u00a0\u00bb size=\u00a0\u00bblg\u00a0\u00bb align=\u00a0\u00bbcenter\u00a0\u00bb button_block=\u00a0\u00bbtrue\u00a0\u00bb link=\u00a0\u00bburl:https%3A%2F%2Fwww.casessingulars.cat%2Ffr%2Fmaisons-a-vendre-dans-emporda-gerone%2F|title:Maisons%20a%20vendre%20dans%20Emporda%20Gerone\u00a0\u00bb][\/vc_column][\/vc_row]<\/p>\n","protected":false},"excerpt":{"rendered":"<p>[vc_row][vc_column][vc_single_image image=\u00a0\u00bb8104&Prime; style=\u00a0\u00bbrounded\u00a0\u00bb alt=\u00a0\u00bbInteriores Cases Singulars del Empord\u00e0\u00a0\u00bb][\/vc_column][\/vc_row][vc_row][vc_column width=\u00a0\u00bb1\/2&Prime;][vc_column_text] Nous donnons \u00e0 chacun des\u00a0logements anciens que nous r\u00e9novons, abandonn\u00e9s depuis longtemps, une nouvelle vie et une image plus moderne, tout en respectant et en mettant en valeur les \u00e9l\u00e9ments qui les rendent uniques et originaux. Pour ce faire, toute l&rsquo;\u00e9quipe de Cases Singulars applique des crit\u00e8res de r\u00e9novation rigoureux\u00a0qui respectent&#8230;<\/p>\n<div><a href=\"https:\/\/www.casessingulars.cat\/fr\/equipe\/\" class=\"read-more\">En savois plus<i class=\"fa fa-arrow-circle-o-right\"><\/i><\/a><\/div>\n","protected":false},"author":1,"featured_media":0,"parent":0,"menu_order":0,"comment_status":"closed","ping_status":"closed","template":"","meta":{"footnotes":""},"class_list":["post-8103","page","type-page","status-publish","hentry","no-featured"],"aioseo_notices":[],"_links":{"self":[{"href":"https:\/\/www.casessingulars.cat\/fr\/wp-json\/wp\/v2\/pages\/8103","targetHints":{"allow":["GET"]}}],"collection":[{"href":"https:\/\/www.casessingulars.cat\/fr\/wp-json\/wp\/v2\/pages"}],"about":[{"href":"https:\/\/www.casessingulars.cat\/fr\/wp-json\/wp\/v2\/types\/page"}],"author":[{"embeddable":true,"href":"https:\/\/www.casessingulars.cat\/fr\/wp-json\/wp\/v2\/users\/1"}],"replies":[{"embeddable":true,"href":"https:\/\/www.casessingulars.cat\/fr\/wp-json\/wp\/v2\/comments?post=8103"}],"version-history":[{"count":0,"href":"https:\/\/www.casessingulars.cat\/fr\/wp-json\/wp\/v2\/pages\/8103\/revisions"}],"wp:attachment":[{"href":"https:\/\/www.casessingulars.cat\/fr\/wp-json\/wp\/v2\/media?parent=8103"}],"curies":[{"name":"wp","href":"https:\/\/api.w.org\/{rel}","templated":true}]}}