{"id":8095,"date":"2014-12-26T08:45:59","date_gmt":"2014-12-26T08:45:59","guid":{"rendered":"http:\/\/www.casessingulars.cat\/emporda\/pals\/"},"modified":"2020-11-17T18:01:00","modified_gmt":"2020-11-17T18:01:00","slug":"pals","status":"publish","type":"page","link":"https:\/\/www.casessingulars.cat\/fr\/emporda\/pals\/","title":{"rendered":"Pals"},"content":{"rendered":"<p>[vc_row][vc_column][vc_single_image image=\u00a0\u00bb8096&Prime; style=\u00a0\u00bbrounded\u00a0\u00bb alt=\u00a0\u00bbVistas Pueblo de Pals Baix Empord\u00e0, Girona\u00a0\u00bb][vc_empty_space][vc_column_text]<\/p>\n<p style=\"text-align: justify;\">Le village de <strong>Pals<\/strong>, <strong>dans le Baix Empord\u00e0<\/strong> a \u00e9chapp\u00e9 aux sp\u00e9culations urbanistiques de ces derni\u00e8res ann\u00e9es. Situ\u00e9 \u00e0 3 kilom\u00e8tres seulement de la plage de Pals, \u00e0 68 kilom\u00e8tres de la fronti\u00e8re fran\u00e7aise et \u00e0 quelques kilom\u00e8tres de Begur et Palafrugell -deux communes qui abritent les plus belles plages de la Costa Brava- la commune compte 2 800 habitants et trois centres importants : El Pueblo Medieval de Pals (la vieille ville), Los Masos de Pals et la Plage de Pals.<\/p>\n<p style=\"text-align: justify;\">El Pueblo Medieval de Pals se trouve sur une colline et offre une vue imprenable de l&rsquo;Empord\u00e0. C&rsquo;est l&rsquo;une des communes les plus int\u00e9ressantes de la r\u00e9gion gr\u00e2ce \u00e0 son paysage d&rsquo;une grande richesse et \u00e0 son immense patrimoine.<\/p>\n<p style=\"text-align: justify;\">Quant aux plages de Pals, elles comptent parmi les plus longues et spectaculaires de la Costa Brava. Elles se caract\u00e9risent par les dunes de sable fin et de pins et s&rsquo;\u00e9tendent sur plus de 3,5 km, avec les magnifiques \u00celes Medas en toile de fond.<\/p>\n<p style=\"text-align: justify;\">Pals compte tous types de commerces, tels que poissonneries, boucheries, p\u00e2tisseries, supermarch\u00e9s, boulangeries, pharmacies, bureaux de tabac, fleuristes, boutiques de souvenirs et tous types de services culturels, de loisirs, de sport (golf, tennis), gastronomiques (bars, restaurants), etc.<\/p>\n<p style=\"text-align: justify;\">\u00c0 proximit\u00e9 de Pals se trouvent les criques et les chemins de ronde de Begur, les criques de Palafrugell, et des villages au charme m\u00e9di\u00e9val, tels que Peratallada, Canapost, Monells, Palau-sator ou Cru\u00eflles et la magnifique r\u00e9serve marine des \u00celes Medas.<\/p>\n<p>[\/vc_column_text]\n    <div class=\"recent-properties\">\n\n            <\/div>\n\n[vc_separator][vc_btn title=\u00a0\u00bbAUTRES MAISONS \u00c0 VENDRE\u00a0\u00bb style=\u00a0\u00bbflat\u00a0\u00bb shape=\u00a0\u00bbsquare\u00a0\u00bb size=\u00a0\u00bblg\u00a0\u00bb align=\u00a0\u00bbcenter\u00a0\u00bb button_block=\u00a0\u00bbtrue\u00a0\u00bb link=\u00a0\u00bburl:https%3A%2F%2Fwww.casessingulars.cat%2Ffr%2Fmaisons-a-vendre-dans-emporda-gerone%2F|title:Maisons%20a%20vendre%20dans%20Emporda%20Gerone\u00a0\u00bb][\/vc_column][\/vc_row]<\/p>\n","protected":false},"excerpt":{"rendered":"<p>[vc_row][vc_column][vc_single_image image=\u00a0\u00bb8096&Prime; style=\u00a0\u00bbrounded\u00a0\u00bb alt=\u00a0\u00bbVistas Pueblo de Pals Baix Empord\u00e0, Girona\u00a0\u00bb][vc_empty_space][vc_column_text] Le village de Pals, dans le Baix Empord\u00e0 a \u00e9chapp\u00e9 aux sp\u00e9culations urbanistiques de ces derni\u00e8res ann\u00e9es. Situ\u00e9 \u00e0 3 kilom\u00e8tres seulement de la plage de Pals, \u00e0 68 kilom\u00e8tres de la fronti\u00e8re fran\u00e7aise et \u00e0 quelques kilom\u00e8tres de Begur et Palafrugell -deux communes qui abritent les plus belles plages&#8230;<\/p>\n<div><a href=\"https:\/\/www.casessingulars.cat\/fr\/emporda\/pals\/\" class=\"read-more\">En savois plus<i class=\"fa fa-arrow-circle-o-right\"><\/i><\/a><\/div>\n","protected":false},"author":1,"featured_media":0,"parent":8081,"menu_order":0,"comment_status":"open","ping_status":"open","template":"","meta":{"footnotes":""},"class_list":["post-8095","page","type-page","status-publish","hentry","no-featured"],"aioseo_notices":[],"_links":{"self":[{"href":"https:\/\/www.casessingulars.cat\/fr\/wp-json\/wp\/v2\/pages\/8095","targetHints":{"allow":["GET"]}}],"collection":[{"href":"https:\/\/www.casessingulars.cat\/fr\/wp-json\/wp\/v2\/pages"}],"about":[{"href":"https:\/\/www.casessingulars.cat\/fr\/wp-json\/wp\/v2\/types\/page"}],"author":[{"embeddable":true,"href":"https:\/\/www.casessingulars.cat\/fr\/wp-json\/wp\/v2\/users\/1"}],"replies":[{"embeddable":true,"href":"https:\/\/www.casessingulars.cat\/fr\/wp-json\/wp\/v2\/comments?post=8095"}],"version-history":[{"count":0,"href":"https:\/\/www.casessingulars.cat\/fr\/wp-json\/wp\/v2\/pages\/8095\/revisions"}],"up":[{"embeddable":true,"href":"https:\/\/www.casessingulars.cat\/fr\/wp-json\/wp\/v2\/pages\/8081"}],"wp:attachment":[{"href":"https:\/\/www.casessingulars.cat\/fr\/wp-json\/wp\/v2\/media?parent=8095"}],"curies":[{"name":"wp","href":"https:\/\/api.w.org\/{rel}","templated":true}]}}