{"id":8092,"date":"2014-12-26T08:45:28","date_gmt":"2014-12-26T08:45:28","guid":{"rendered":"http:\/\/www.casessingulars.cat\/emporda\/palau-sator\/"},"modified":"2020-11-17T17:19:37","modified_gmt":"2020-11-17T17:19:37","slug":"palau-sator","status":"publish","type":"page","link":"https:\/\/www.casessingulars.cat\/fr\/emporda\/palau-sator\/","title":{"rendered":"Palau-sator"},"content":{"rendered":"<p>[vc_row][vc_column][vc_single_image image=\u00a0\u00bb8093&Prime; style=\u00a0\u00bbrounded\u00a0\u00bb alt=\u00a0\u00bbespectaculares vistas de Palau Sator, Baix Empord\u00e0, Girona\u00a0\u00bb][vc_empty_space][vc_column_text]<\/p>\n<p style=\"text-align: justify;\">Le centre de <strong>Palau-sator<\/strong>, village typique du Baix Empord\u00e0, se trouve \u00e0 seulement 6 kilom\u00e8tres de Pals et \u00e0 10 km de Torroella de Montgr\u00ed.<\/p>\n<p style=\"text-align: justify;\">Palau-Sator se trouve \u00e0 66 kilom\u00e8tres de la fronti\u00e8re fran\u00e7aise, \u00e0 40 minutes de G\u00e9rone et \u00e0 10 min des plus belles plages de la Costa Brava.<\/p>\n<p style=\"text-align: justify;\">Le village d\u2019origine romaine compte moins de 300 habitants et se trouve au c\u0153ur de la plaine de l\u2019Empord\u00e0, avec la montagne de Les Gavarres et ses pin\u00e8des en toile de fond. Ses rues ont conserv\u00e9 leur atmosph\u00e8re m\u00e9di\u00e9vale, avec des restes de la muraille et la tour \u00ab De Les Hores \u00bb, qui doit son nom \u00e0 l&rsquo;horloge accroch\u00e9e \u00e0 sa fa\u00e7ade ; c\u2019est un lieu de passage obligatoire pour entrer dans le village. Il convient \u00e9galement de mentionner le ch\u00e2teau, le monast\u00e8re de Sant Pau et l\u2019\u00e9glise de Sant Feliu.<\/p>\n<p style=\"text-align: justify;\">Dans le centre de Palau-sator, il y a une \u00e9picerie pour faire les achats quotidiens, qui vend du pain artisanal, \u00e9labor\u00e9 au village. Il y a \u00e9galement un bar et plusieurs restaurants, dont certains proposent des plats \u00e0 emporter.<\/p>\n<p style=\"text-align: justify;\">Palau-Sator offre un cadre rural d&rsquo;une grande beaut\u00e9, en pleine nature, et un large \u00e9ventail d\u2019activit\u00e9s de loisirs, telles que : le mus\u00e9e rural (une curiosit\u00e9 locale), des circuits en VTT, des promenades \u00e0 cheval, en quads et en buggies, golf &amp; pitch &amp; putt, paintball, plong\u00e9e, snorkeling, ski nautique, balades en montgolfi\u00e8re, promenade en avionnette, etc.<\/p>\n<p>[\/vc_column_text]\n    <div class=\"recent-properties\">\n\n            <\/div>\n\n[vc_separator][vc_btn title=\u00a0\u00bbAUTRES MAISONS \u00c0 VENDRE\u00a0\u00bb style=\u00a0\u00bbflat\u00a0\u00bb shape=\u00a0\u00bbsquare\u00a0\u00bb size=\u00a0\u00bblg\u00a0\u00bb align=\u00a0\u00bbcenter\u00a0\u00bb button_block=\u00a0\u00bbtrue\u00a0\u00bb link=\u00a0\u00bburl:https%3A%2F%2Fwww.casessingulars.cat%2Ffr%2Fmaisons-a-vendre-dans-emporda-gerone%2F|title:Maisons%20a%20vendre%20dans%20Emporda%20Gerone\u00a0\u00bb][\/vc_column][\/vc_row]<\/p>\n","protected":false},"excerpt":{"rendered":"<p>[vc_row][vc_column][vc_single_image image=\u00a0\u00bb8093&Prime; style=\u00a0\u00bbrounded\u00a0\u00bb alt=\u00a0\u00bbespectaculares vistas de Palau Sator, Baix Empord\u00e0, Girona\u00a0\u00bb][vc_empty_space][vc_column_text] Le centre de Palau-sator, village typique du Baix Empord\u00e0, se trouve \u00e0 seulement 6 kilom\u00e8tres de Pals et \u00e0 10 km de Torroella de Montgr\u00ed. Palau-Sator se trouve \u00e0 66 kilom\u00e8tres de la fronti\u00e8re fran\u00e7aise, \u00e0 40 minutes de G\u00e9rone et \u00e0 10 min des plus belles plages de&#8230;<\/p>\n<div><a href=\"https:\/\/www.casessingulars.cat\/fr\/emporda\/palau-sator\/\" class=\"read-more\">En savois plus<i class=\"fa fa-arrow-circle-o-right\"><\/i><\/a><\/div>\n","protected":false},"author":1,"featured_media":0,"parent":8081,"menu_order":0,"comment_status":"open","ping_status":"closed","template":"","meta":{"footnotes":""},"class_list":["post-8092","page","type-page","status-publish","hentry","no-featured"],"aioseo_notices":[],"_links":{"self":[{"href":"https:\/\/www.casessingulars.cat\/fr\/wp-json\/wp\/v2\/pages\/8092","targetHints":{"allow":["GET"]}}],"collection":[{"href":"https:\/\/www.casessingulars.cat\/fr\/wp-json\/wp\/v2\/pages"}],"about":[{"href":"https:\/\/www.casessingulars.cat\/fr\/wp-json\/wp\/v2\/types\/page"}],"author":[{"embeddable":true,"href":"https:\/\/www.casessingulars.cat\/fr\/wp-json\/wp\/v2\/users\/1"}],"replies":[{"embeddable":true,"href":"https:\/\/www.casessingulars.cat\/fr\/wp-json\/wp\/v2\/comments?post=8092"}],"version-history":[{"count":0,"href":"https:\/\/www.casessingulars.cat\/fr\/wp-json\/wp\/v2\/pages\/8092\/revisions"}],"up":[{"embeddable":true,"href":"https:\/\/www.casessingulars.cat\/fr\/wp-json\/wp\/v2\/pages\/8081"}],"wp:attachment":[{"href":"https:\/\/www.casessingulars.cat\/fr\/wp-json\/wp\/v2\/media?parent=8092"}],"curies":[{"name":"wp","href":"https:\/\/api.w.org\/{rel}","templated":true}]}}