{"id":8089,"date":"2014-12-26T08:44:19","date_gmt":"2014-12-26T08:44:19","guid":{"rendered":"http:\/\/www.casessingulars.cat\/emporda\/bellcaire-emporda\/"},"modified":"2020-11-13T08:45:14","modified_gmt":"2020-11-13T08:45:14","slug":"bellcaire-emporda","status":"publish","type":"page","link":"https:\/\/www.casessingulars.cat\/fr\/emporda\/bellcaire-emporda\/","title":{"rendered":"Bellcaire d&rsquo;Empord\u00e0"},"content":{"rendered":"<p>[vc_row][vc_column][vc_single_image image=\u00a0\u00bb8090&Prime; style=\u00a0\u00bbrounded\u00a0\u00bb alt=\u00a0\u00bbVistas de campos de Bellcaire d\u00b4Empord\u00e0\u00a0\u00bb][vc_empty_space][vc_column_text]<\/p>\n<p style=\"text-align: justify;\">Le village de<strong> Bellcaire d\u2019Empord\u00e0<\/strong>, dans la r\u00e9gion du Baix Empord\u00e0, se trouve \u00e0 7 kilom\u00e8tres seulement des plages de L\u2019Escala, \u00e0 9 kilom\u00e8tres d\u2019Emp\u00faries et \u00e0 50 kilom\u00e8tres de la fronti\u00e8re fran\u00e7aise.<\/p>\n<p style=\"text-align: justify;\">Le centre du village compte tous types de commerces, pour le ravitaillement quotidien, la boucherie Santi, une boulangerie, une \u00e9picerie, une superette, la presse, une pharmacie, un bureau de tabac, et plusieurs bars et restaurants.<\/p>\n<p style=\"text-align: justify;\">Le village compte 667 habitants, et conserve le palais-ch\u00e2teau m\u00e9di\u00e9val de la fin du XIIIe si\u00e8cle, d\u00e9clar\u00e9 monument historique national, et l\u2019\u00e9glise romane de Sant Joan de Bellcaire. Au milieu du village se trouve le Rec del Mol\u00ed (irrigation du moulin), utilis\u00e9 aujourd\u2019hui pour l\u2019arrosage, mais qui autrefois fournissait l\u2019\u00e9nergie hydraulique aux moulins de la zone.<\/p>\n<p style=\"text-align: justify;\">Traditionnellement, depuis 1979, chaque vendredi et samedi Saints, la place du village accueille une repr\u00e9sentation de th\u00e9\u00e2tre m\u00e9di\u00e9val \u00ab Bandera de Catalunya \u00bb, \u00e0 laquelle participent tous les habitants et pendant la journ\u00e9e, un march\u00e9 m\u00e9di\u00e9val est organis\u00e9 sur cette place.<\/p>\n<p style=\"text-align: justify;\">Comme tous les villages de la r\u00e9gion, Bellcaire d\u2019Empord\u00e0 est un havre de paix, dans un cadre privil\u00e9gi\u00e9, \u00e0 proximit\u00e9 des plus belles plages de la Costa Brava, un endroit id\u00e9al pour passer un s\u00e9jour agr\u00e9able en famille, \u00e0 n\u2019importe quelle \u00e9poque de l\u2019ann\u00e9e.<\/p>\n<p>[\/vc_column_text]\n    <div class=\"recent-properties\">\n\n            <\/div>\n\n[vc_separator][vc_btn title=\u00a0\u00bbAUTRES MAISONS \u00c0 VENDRE\u00a0\u00bb style=\u00a0\u00bbflat\u00a0\u00bb shape=\u00a0\u00bbsquare\u00a0\u00bb size=\u00a0\u00bblg\u00a0\u00bb align=\u00a0\u00bbcenter\u00a0\u00bb button_block=\u00a0\u00bbtrue\u00a0\u00bb link=\u00a0\u00bburl:https%3A%2F%2Fwww.casessingulars.cat%2Ffr%2Fmaisons-a-vendre-dans-emporda-gerone%2F|title:Maisons%20a%20vendre%20dans%20Emporda%20Gerone\u00a0\u00bb][\/vc_column][\/vc_row]<\/p>\n","protected":false},"excerpt":{"rendered":"<p>[vc_row][vc_column][vc_single_image image=\u00a0\u00bb8090&Prime; style=\u00a0\u00bbrounded\u00a0\u00bb alt=\u00a0\u00bbVistas de campos de Bellcaire d\u00b4Empord\u00e0\u00a0\u00bb][vc_empty_space][vc_column_text] Le village de Bellcaire d\u2019Empord\u00e0, dans la r\u00e9gion du Baix Empord\u00e0, se trouve \u00e0 7 kilom\u00e8tres seulement des plages de L\u2019Escala, \u00e0 9 kilom\u00e8tres d\u2019Emp\u00faries et \u00e0 50 kilom\u00e8tres de la fronti\u00e8re fran\u00e7aise. Le centre du village compte tous types de commerces, pour le ravitaillement quotidien, la boucherie Santi, une boulangerie,&#8230;<\/p>\n<div><a href=\"https:\/\/www.casessingulars.cat\/fr\/emporda\/bellcaire-emporda\/\" class=\"read-more\">En savois plus<i class=\"fa fa-arrow-circle-o-right\"><\/i><\/a><\/div>\n","protected":false},"author":1,"featured_media":0,"parent":8081,"menu_order":0,"comment_status":"open","ping_status":"open","template":"","meta":{"footnotes":""},"class_list":["post-8089","page","type-page","status-publish","hentry","no-featured"],"aioseo_notices":[],"_links":{"self":[{"href":"https:\/\/www.casessingulars.cat\/fr\/wp-json\/wp\/v2\/pages\/8089","targetHints":{"allow":["GET"]}}],"collection":[{"href":"https:\/\/www.casessingulars.cat\/fr\/wp-json\/wp\/v2\/pages"}],"about":[{"href":"https:\/\/www.casessingulars.cat\/fr\/wp-json\/wp\/v2\/types\/page"}],"author":[{"embeddable":true,"href":"https:\/\/www.casessingulars.cat\/fr\/wp-json\/wp\/v2\/users\/1"}],"replies":[{"embeddable":true,"href":"https:\/\/www.casessingulars.cat\/fr\/wp-json\/wp\/v2\/comments?post=8089"}],"version-history":[{"count":0,"href":"https:\/\/www.casessingulars.cat\/fr\/wp-json\/wp\/v2\/pages\/8089\/revisions"}],"up":[{"embeddable":true,"href":"https:\/\/www.casessingulars.cat\/fr\/wp-json\/wp\/v2\/pages\/8081"}],"wp:attachment":[{"href":"https:\/\/www.casessingulars.cat\/fr\/wp-json\/wp\/v2\/media?parent=8089"}],"curies":[{"name":"wp","href":"https:\/\/api.w.org\/{rel}","templated":true}]}}