{"id":8079,"date":"2014-09-19T10:07:01","date_gmt":"2014-09-19T10:07:01","guid":{"rendered":"http:\/\/www.casessingulars.cat\/contacto-2\/"},"modified":"2025-05-06T14:14:35","modified_gmt":"2025-05-06T14:14:35","slug":"contact","status":"publish","type":"page","link":"https:\/\/www.casessingulars.cat\/fr\/contact\/","title":{"rendered":"Contact"},"content":{"rendered":"<p>[vc_row padding_top=\u00a0\u00bb0&Prime; padding_bottom=\u00a0\u00bb0&Prime; class=\u00a0\u00bbcontact-info1&Prime;][vc_column][vc_column_text]<\/p>\n<h4 style=\"font-weight: 300; font-size: 24px; margin-bottom: 20px; margin-top: 0;\">Informations de contact<\/h4>\n<p>[\/vc_column_text][vc_column_text]<b>Adresse de rue <\/b>Sant Elies, 29-35 Esc.B 6\u00ba 2\u00aa 08006 Barcelona<\/p>\n<div>Portable\u00a0 (+34)\u00a0<a href=\"tel:609%2047%2074%2098\" target=\"_blank\" rel=\"noopener noreferrer\">602 252 215<\/a><\/div>\n<p>T\u00e9l\u00e9phone<b> <\/b>(+34) 934 185 060<\/p>\n<p><b>E-mail\u00a0<\/b><a href=\"mailto:contacta@casessingulars.cat\">contacta@casessingulars.cat<\/a><\/p>\n<p><b>Web <\/b><a title=\"Cases Singulars de l'Empord\u00e0\" href=\"http:\/\/www.casessingulars.cat\">http:\/\/www.casessingulars.cat<\/a>[\/vc_column_text][\/vc_column][\/vc_row][vc_row padding_top=\u00a0\u00bb0&Prime; padding_bottom=\u00a0\u00bb0&Prime; bg_color=\u00a0\u00bb#f8f8f8&Prime;][vc_column width=\u00a0\u00bb1\/2&Prime;][vc_gmaps link=\u00a0\u00bb#E-8_JTNDaWZyYW1lJTIwc3JjJTNEJTIyaHR0cHMlM0ElMkYlMkZ3d3cuZ29vZ2xlLmNvbSUyRm1hcHMlMkZlbWJlZCUzRnBiJTNEJTIxMW0xOCUyMTFtMTIlMjExbTMlMjExZDI5OTIuNzA3NTM3MzE1NTkxJTIxMmQyLjEzOTE5NDczMjkwMDU1OCUyMTNkNDEuNDAyMTU3MzY4NjYyOSUyMTJtMyUyMTFmMCUyMTJmMCUyMTNmMCUyMTNtMiUyMTFpMTAyNCUyMTJpNzY4JTIxNGYxMy4xJTIxM20zJTIxMW0yJTIxMXMweDEyYTQ5ODc1NDg5MWMyNmQlMjUzQTB4YWM2OWIwNTFkNzY3ODM2OCUyMTJzQ2FycmVyJTJCZGUlMkJTYW50JTJCRWxpZXMlMjUyQyUyQjI5JTI1MkMlMkIwODAwNiUyQkJhcmNlbG9uYSUyMTVlMCUyMTNtMiUyMTFzZXMlMjEyc2VzJTIxNHYxNDU1MDk0NTQxOTc5JTIyJTIwd2lkdGglM0QlMjI2MDAlMjIlMjBoZWlnaHQlM0QlMjI0NTAlMjIlMjBmcmFtZWJvcmRlciUzRCUyMjAlMjIlMjBzdHlsZSUzRCUyMmJvcmRlciUzQTAlMjIlMjBhbGxvd2Z1bGxzY3JlZW4lM0UlM0MlMkZpZnJhbWUlM0U=\u00a0\u00bb size=\u00a0\u00bb750&Prime; disable_zooming=\u00a0\u00bbtrue\u00a0\u00bb][\/vc_column][vc_column width=\u00a0\u00bb1\/2&Prime;][vc_row_inner padding_top=\u00a0\u00bb0&Prime; padding_bottom=\u00a0\u00bb0&Prime; class=\u00a0\u00bbcontact-desc1&Prime; custom_style=\u00a0\u00bbpadding-left: 85px;padding-top: 90px;\u00a0\u00bb][vc_column_inner][vc_column_text]<\/p>\n<h4 style=\"font-weight: 300; font-size: 24px; margin-bottom: 20px;\">\u00c9CRIVEZ-NOUS<\/h4>\n<p style=\"text-align: justify;\">Vous souhaitez recevoir des informations compl\u00e9mentaires ou visiter l&rsquo;une de ces maisons en vente dans l&rsquo;Empord\u00e0 (G\u00e8rone)? Contactez-nous en remplissant le formulaire suivant.<\/p>\n<p>[\/vc_column_text]\n<div class=\"wpcf7 no-js\" id=\"wpcf7-f20239-o1\" lang=\"es-ES\" dir=\"ltr\" data-wpcf7-id=\"20239\">\n<div class=\"screen-reader-response\"><p role=\"status\" aria-live=\"polite\" aria-atomic=\"true\"><\/p> <ul><\/ul><\/div>\n<form action=\"\/fr\/wp-json\/wp\/v2\/pages\/8079#wpcf7-f20239-o1\" method=\"post\" class=\"wpcf7-form init\" aria-label=\"Formulario de contacto\" novalidate=\"novalidate\" data-status=\"init\">\n<fieldset class=\"hidden-fields-container\"><input type=\"hidden\" name=\"_wpcf7\" value=\"20239\" \/><input type=\"hidden\" name=\"_wpcf7_version\" value=\"6.1.4\" \/><input type=\"hidden\" name=\"_wpcf7_locale\" value=\"es_ES\" \/><input type=\"hidden\" name=\"_wpcf7_unit_tag\" value=\"wpcf7-f20239-o1\" \/><input type=\"hidden\" name=\"_wpcf7_container_post\" value=\"0\" \/><input type=\"hidden\" name=\"_wpcf7_posted_data_hash\" value=\"\" \/><input type=\"hidden\" name=\"_wpcf7_recaptcha_response\" value=\"\" \/>\n<\/fieldset>\n<p>Votre nom (obligatoire)\n<\/p>\n<p><span class=\"wpcf7-form-control-wrap\" data-name=\"your-name\"><input size=\"40\" maxlength=\"400\" class=\"wpcf7-form-control wpcf7-text wpcf7-validates-as-required\" aria-required=\"true\" aria-invalid=\"false\" value=\"\" type=\"text\" name=\"your-name\" \/><\/span>\n<\/p>\n<p>Votre e-mail (obligatoire)\n<\/p>\n<p><span class=\"wpcf7-form-control-wrap\" data-name=\"your-email\"><input size=\"40\" maxlength=\"400\" class=\"wpcf7-form-control wpcf7-email wpcf7-validates-as-required wpcf7-text wpcf7-validates-as-email\" aria-required=\"true\" aria-invalid=\"false\" value=\"\" type=\"email\" name=\"your-email\" \/><\/span>\n<\/p>\n<p>Question\n<\/p>\n<p><span class=\"wpcf7-form-control-wrap\" data-name=\"your-subject\"><input size=\"40\" maxlength=\"400\" class=\"wpcf7-form-control wpcf7-text\" aria-invalid=\"false\" value=\"\" type=\"text\" name=\"your-subject\" \/><\/span>\n<\/p>\n<p>Message\n<\/p>\n<p><span class=\"wpcf7-form-control-wrap\" data-name=\"your-message\"><textarea cols=\"40\" rows=\"10\" maxlength=\"2000\" class=\"wpcf7-form-control wpcf7-textarea\" aria-invalid=\"false\" name=\"your-message\"><\/textarea><\/span>\n<\/p>\n<p><input class=\"wpcf7-form-control wpcf7-submit has-spinner\" type=\"submit\" value=\"Envoyer\" \/>\n<\/p><p style=\"display: none !important;\" class=\"akismet-fields-container\" data-prefix=\"_wpcf7_ak_\"><label>&#916;<textarea name=\"_wpcf7_ak_hp_textarea\" cols=\"45\" rows=\"8\" maxlength=\"100\"><\/textarea><\/label><input type=\"hidden\" id=\"ak_js_1\" name=\"_wpcf7_ak_js\" value=\"158\"\/><script>document.getElementById( \"ak_js_1\" ).setAttribute( \"value\", ( new Date() ).getTime() );<\/script><\/p><div class=\"wpcf7-response-output\" aria-hidden=\"true\"><\/div>\n<\/form>\n<\/div>\n[\/vc_column_inner][\/vc_row_inner][\/vc_column][\/vc_row]<\/p>\n","protected":false},"excerpt":{"rendered":"<p>[vc_row padding_top=\u00a0\u00bb0&Prime; padding_bottom=\u00a0\u00bb0&Prime; class=\u00a0\u00bbcontact-info1&Prime;][vc_column][vc_column_text] Informations de contact [\/vc_column_text][vc_column_text]Adresse de rue Sant Elies, 29-35 Esc.B 6\u00ba 2\u00aa 08006 Barcelona Portable\u00a0 (+34)\u00a0602 252 215 T\u00e9l\u00e9phone (+34) 934 185 060 E-mail\u00a0contacta@casessingulars.cat Web http:\/\/www.casessingulars.cat[\/vc_column_text][\/vc_column][\/vc_row][vc_row padding_top=\u00a0\u00bb0&Prime; padding_bottom=\u00a0\u00bb0&Prime; bg_color=\u00a0\u00bb#f8f8f8&Prime;][vc_column width=\u00a0\u00bb1\/2&Prime;][vc_gmaps link=\u00a0\u00bb#E-8_JTNDaWZyYW1lJTIwc3JjJTNEJTIyaHR0cHMlM0ElMkYlMkZ3d3cuZ29vZ2xlLmNvbSUyRm1hcHMlMkZlbWJlZCUzRnBiJTNEJTIxMW0xOCUyMTFtMTIlMjExbTMlMjExZDI5OTIuNzA3NTM3MzE1NTkxJTIxMmQyLjEzOTE5NDczMjkwMDU1OCUyMTNkNDEuNDAyMTU3MzY4NjYyOSUyMTJtMyUyMTFmMCUyMTJmMCUyMTNmMCUyMTNtMiUyMTFpMTAyNCUyMTJpNzY4JTIxNGYxMy4xJTIxM20zJTIxMW0yJTIxMXMweDEyYTQ5ODc1NDg5MWMyNmQlMjUzQTB4YWM2OWIwNTFkNzY3ODM2OCUyMTJzQ2FycmVyJTJCZGUlMkJTYW50JTJCRWxpZXMlMjUyQyUyQjI5JTI1MkMlMkIwODAwNiUyQkJhcmNlbG9uYSUyMTVlMCUyMTNtMiUyMTFzZXMlMjEyc2VzJTIxNHYxNDU1MDk0NTQxOTc5JTIyJTIwd2lkdGglM0QlMjI2MDAlMjIlMjBoZWlnaHQlM0QlMjI0NTAlMjIlMjBmcmFtZWJvcmRlciUzRCUyMjAlMjIlMjBzdHlsZSUzRCUyMmJvcmRlciUzQTAlMjIlMjBhbGxvd2Z1bGxzY3JlZW4lM0UlM0MlMkZpZnJhbWUlM0U=\u00a0\u00bb size=\u00a0\u00bb750&Prime; disable_zooming=\u00a0\u00bbtrue\u00a0\u00bb][\/vc_column][vc_column width=\u00a0\u00bb1\/2&Prime;][vc_row_inner padding_top=\u00a0\u00bb0&Prime; padding_bottom=\u00a0\u00bb0&Prime; class=\u00a0\u00bbcontact-desc1&Prime; custom_style=\u00a0\u00bbpadding-left: 85px;padding-top: 90px;\u00a0\u00bb][vc_column_inner][vc_column_text] \u00c9CRIVEZ-NOUS Vous souhaitez recevoir des informations compl\u00e9mentaires ou visiter l&rsquo;une de ces maisons en vente dans&#8230;<\/p>\n<div><a href=\"https:\/\/www.casessingulars.cat\/fr\/contact\/\" class=\"read-more\">En savois plus<i class=\"fa fa-arrow-circle-o-right\"><\/i><\/a><\/div>\n","protected":false},"author":1,"featured_media":0,"parent":0,"menu_order":0,"comment_status":"closed","ping_status":"closed","template":"","meta":{"footnotes":""},"class_list":["post-8079","page","type-page","status-publish","hentry","no-featured"],"aioseo_notices":[],"_links":{"self":[{"href":"https:\/\/www.casessingulars.cat\/fr\/wp-json\/wp\/v2\/pages\/8079","targetHints":{"allow":["GET"]}}],"collection":[{"href":"https:\/\/www.casessingulars.cat\/fr\/wp-json\/wp\/v2\/pages"}],"about":[{"href":"https:\/\/www.casessingulars.cat\/fr\/wp-json\/wp\/v2\/types\/page"}],"author":[{"embeddable":true,"href":"https:\/\/www.casessingulars.cat\/fr\/wp-json\/wp\/v2\/users\/1"}],"replies":[{"embeddable":true,"href":"https:\/\/www.casessingulars.cat\/fr\/wp-json\/wp\/v2\/comments?post=8079"}],"version-history":[{"count":0,"href":"https:\/\/www.casessingulars.cat\/fr\/wp-json\/wp\/v2\/pages\/8079\/revisions"}],"wp:attachment":[{"href":"https:\/\/www.casessingulars.cat\/fr\/wp-json\/wp\/v2\/media?parent=8079"}],"curies":[{"name":"wp","href":"https:\/\/api.w.org\/{rel}","templated":true}]}}