{"id":19804,"date":"2021-06-11T09:41:25","date_gmt":"2021-06-11T09:41:25","guid":{"rendered":"https:\/\/www.casessingulars.cat\/gracias\/"},"modified":"2021-06-11T10:10:39","modified_gmt":"2021-06-11T10:10:39","slug":"merci","status":"publish","type":"page","link":"https:\/\/www.casessingulars.cat\/fr\/merci\/","title":{"rendered":"Merci"},"content":{"rendered":"<p>[vc_row][vc_column][vc_column_text]<!-- Event snippet for Enviar formulario de la web conversion page --><br \/>\n<script>\n  gtag('event', 'conversion', {'send_to': 'AW-968245876\/wR9ACPnInvYBEPSE2c0D'});\n<\/script>[\/vc_column_text][vc_empty_space height=\u00a0\u00bb10em\u00a0\u00bb][vc_custom_heading text=\u00a0\u00bbVotre message a \u00e9t\u00e9 envoy\u00e9 avec succ\u00e8s.<br \/>\nNous vous contacterons sous peu.\u00a0\u00bb font_container=\u00a0\u00bbtag:h3|text_align:center\u00a0\u00bb use_theme_fonts=\u00a0\u00bbyes\u00a0\u00bb][vc_empty_space height=\u00a0\u00bb20em\u00a0\u00bb][\/vc_column][\/vc_row]<\/p>\n","protected":false},"excerpt":{"rendered":"<p>[vc_row][vc_column][vc_column_text] [\/vc_column_text][vc_empty_space height=\u00a0\u00bb10em\u00a0\u00bb][vc_custom_heading text=\u00a0\u00bbVotre message a \u00e9t\u00e9 envoy\u00e9 avec succ\u00e8s. Nous vous contacterons sous peu.\u00a0\u00bb font_container=\u00a0\u00bbtag:h3|text_align:center\u00a0\u00bb use_theme_fonts=\u00a0\u00bbyes\u00a0\u00bb][vc_empty_space height=\u00a0\u00bb20em\u00a0\u00bb][\/vc_column][\/vc_row]<\/p>\n","protected":false},"author":6,"featured_media":0,"parent":0,"menu_order":0,"comment_status":"closed","ping_status":"closed","template":"","meta":{"footnotes":""},"class_list":["post-19804","page","type-page","status-publish","hentry","no-featured"],"aioseo_notices":[],"_links":{"self":[{"href":"https:\/\/www.casessingulars.cat\/fr\/wp-json\/wp\/v2\/pages\/19804","targetHints":{"allow":["GET"]}}],"collection":[{"href":"https:\/\/www.casessingulars.cat\/fr\/wp-json\/wp\/v2\/pages"}],"about":[{"href":"https:\/\/www.casessingulars.cat\/fr\/wp-json\/wp\/v2\/types\/page"}],"author":[{"embeddable":true,"href":"https:\/\/www.casessingulars.cat\/fr\/wp-json\/wp\/v2\/users\/6"}],"replies":[{"embeddable":true,"href":"https:\/\/www.casessingulars.cat\/fr\/wp-json\/wp\/v2\/comments?post=19804"}],"version-history":[{"count":0,"href":"https:\/\/www.casessingulars.cat\/fr\/wp-json\/wp\/v2\/pages\/19804\/revisions"}],"wp:attachment":[{"href":"https:\/\/www.casessingulars.cat\/fr\/wp-json\/wp\/v2\/media?parent=19804"}],"curies":[{"name":"wp","href":"https:\/\/api.w.org\/{rel}","templated":true}]}}