{"id":18623,"date":"2015-10-08T23:55:40","date_gmt":"2015-10-08T23:55:40","guid":{"rendered":"https:\/\/www.casessingulars.cat\/emporda\/saus-2\/"},"modified":"2020-11-17T17:03:56","modified_gmt":"2020-11-17T17:03:56","slug":"saus","status":"publish","type":"page","link":"https:\/\/www.casessingulars.cat\/fr\/emporda\/saus\/","title":{"rendered":"Saus"},"content":{"rendered":"<p>[vc_row][vc_column][vc_single_image image=\u00a0\u00bb18619&Prime; style=\u00a0\u00bbrounded\u00a0\u00bb][vc_empty_space][vc_column_text]Saus est une commune situ\u00e9e dans la r\u00e9gion de l&rsquo;Alt Empord\u00e0, pratiquement sur la ligne de d\u00e9marcation avec les r\u00e9gions voisines du Baix Empord\u00e0 et de Giron\u00e9s. La ville de Saus a donn\u00e9 son nom \u00e0 la commune d&rsquo;Empordan\u00e8s, qui comprend \u00e9galement les villes de Camallera et Llampaies.<\/p>\n<p>La ville est \u00e0 c\u00f4t\u00e9 de la route GE623 \/ 630, qui va de la sortie 5, \u00e0 Orriols, de l&rsquo;autoroute A-7, entre G\u00e9rone et Figueres, vers Emp\u00faries et L&rsquo;Escala; une voie importante de p\u00e9n\u00e9tration touristique qui, ces derni\u00e8res ann\u00e9es, a \u00e9t\u00e9 am\u00e9lior\u00e9e \u00e0 tous \u00e9gards.<\/p>\n<p>En raison de sa proximit\u00e9 avec une r\u00e9gion aussi touristique que la Costa Brava, Saus re\u00e7oit \u00e9galement la visite de nombreux visiteurs qui d\u00e9couvrent dans son cadre naturel et pittoresque l\u2019authenticit\u00e9 d\u2019une petite ville de l\u2019Empord\u00e0, id\u00e9ale pour le tourisme rural.[\/vc_column_text]\n    <div class=\"recent-properties\">\n\n            <\/div>\n\n[vc_separator color=\u00a0\u00bb\u00a0\u00bb][vc_btn title=\u00a0\u00bbAUTRES MAISONS \u00c0 VENDRE\u00a0\u00bb style=\u00a0\u00bbflat\u00a0\u00bb shape=\u00a0\u00bbsquare\u00a0\u00bb size=\u00a0\u00bblg\u00a0\u00bb align=\u00a0\u00bbcenter\u00a0\u00bb button_block=\u00a0\u00bbtrue\u00a0\u00bb link=\u00a0\u00bburl:https%3A%2F%2Fwww.casessingulars.cat%2Ffr%2Fmaisons-a-vendre-dans-emporda-gerone%2F|title:Casas%20en%20Venta%20en%20el%20Empord%C3%A0&Prime;][\/vc_column][\/vc_row]<\/p>\n","protected":false},"excerpt":{"rendered":"<p>[vc_row][vc_column][vc_single_image image=\u00a0\u00bb18619&Prime; style=\u00a0\u00bbrounded\u00a0\u00bb][vc_empty_space][vc_column_text]Saus est une commune situ\u00e9e dans la r\u00e9gion de l&rsquo;Alt Empord\u00e0, pratiquement sur la ligne de d\u00e9marcation avec les r\u00e9gions voisines du Baix Empord\u00e0 et de Giron\u00e9s. La ville de Saus a donn\u00e9 son nom \u00e0 la commune d&rsquo;Empordan\u00e8s, qui comprend \u00e9galement les villes de Camallera et Llampaies. La ville est \u00e0 c\u00f4t\u00e9 de la route GE623 \/&#8230;<\/p>\n<div><a href=\"https:\/\/www.casessingulars.cat\/fr\/emporda\/saus\/\" class=\"read-more\">En savois plus<i class=\"fa fa-arrow-circle-o-right\"><\/i><\/a><\/div>\n","protected":false},"author":1,"featured_media":0,"parent":8081,"menu_order":0,"comment_status":"closed","ping_status":"closed","template":"","meta":{"footnotes":""},"class_list":["post-18623","page","type-page","status-publish","hentry","no-featured"],"aioseo_notices":[],"_links":{"self":[{"href":"https:\/\/www.casessingulars.cat\/fr\/wp-json\/wp\/v2\/pages\/18623","targetHints":{"allow":["GET"]}}],"collection":[{"href":"https:\/\/www.casessingulars.cat\/fr\/wp-json\/wp\/v2\/pages"}],"about":[{"href":"https:\/\/www.casessingulars.cat\/fr\/wp-json\/wp\/v2\/types\/page"}],"author":[{"embeddable":true,"href":"https:\/\/www.casessingulars.cat\/fr\/wp-json\/wp\/v2\/users\/1"}],"replies":[{"embeddable":true,"href":"https:\/\/www.casessingulars.cat\/fr\/wp-json\/wp\/v2\/comments?post=18623"}],"version-history":[{"count":0,"href":"https:\/\/www.casessingulars.cat\/fr\/wp-json\/wp\/v2\/pages\/18623\/revisions"}],"up":[{"embeddable":true,"href":"https:\/\/www.casessingulars.cat\/fr\/wp-json\/wp\/v2\/pages\/8081"}],"wp:attachment":[{"href":"https:\/\/www.casessingulars.cat\/fr\/wp-json\/wp\/v2\/media?parent=18623"}],"curies":[{"name":"wp","href":"https:\/\/api.w.org\/{rel}","templated":true}]}}