{"id":17950,"date":"2020-01-22T11:55:28","date_gmt":"2020-01-22T11:55:28","guid":{"rendered":"http:\/\/www.casessingulars.cat\/?page_id=17950"},"modified":"2020-11-17T17:38:47","modified_gmt":"2020-11-17T17:38:47","slug":"santacristinadaro","status":"publish","type":"page","link":"https:\/\/www.casessingulars.cat\/fr\/emporda\/santacristinadaro\/","title":{"rendered":"Santa Cristina d&rsquo;Aro"},"content":{"rendered":"<p>[vc_row][vc_column][vc_single_image image=\u00a0\u00bb17934&Prime; style=\u00a0\u00bbrounded\u00a0\u00bb alt=\u00a0\u00bbVistas Pueblo de Pals Baix Empord\u00e0, Girona\u00a0\u00bb][vc_empty_space][vc_column_text]Le village de Santa Cristina d&rsquo;Aro est situ\u00e9 au centre de la Costa Brava, r\u00e9gion du Baix Empord\u00e0, endroit qui permet une bonne communication avec les autres populations, ainsi qu&rsquo;avec G\u00e9rone, Barcelone et la fronti\u00e8re fran\u00e7aise. Sur l&rsquo;autoroute AP-7 (E-15), sortie 9.<\/p>\n<p>La situation g\u00e9ographique imbattable de Santa Cristina d&rsquo;Aro, entour\u00e9e par les massifs des Gavarres et de l&rsquo;Ardenya, offre aux visiteurs une destination parfaite pour les amoureux de la nature et des sports.<\/p>\n<p>Au c\u0153ur de la Costa Brava et \u00e0 quelques kilom\u00e8tres des points les plus fr\u00e9quent\u00e9s, vous pourrez profiter d&rsquo;un maximum de tranquillit\u00e9 et de d\u00e9tente.<\/p>\n<p>Si vous aimez marcher ou faire du v\u00e9lo, vous trouverez des itin\u00e9raires et des coins uniques, un environnement naturel incomparable pour sortir, pratiquer le golf, faire de l&rsquo;\u00e9quitation et aller sur des plages peu connues.<\/p>\n<p>Dans un environnement naturel si privil\u00e9gi\u00e9, Santa Cristina d&rsquo;Aro se positionne comme une r\u00e9f\u00e9rence dans la pratique du golf, avec une trajectoire de plus d&rsquo;un demi-si\u00e8cle dans la pratique et la promotion de ce sport. Dans la m\u00eame municipalit\u00e9, nous pouvons trouver des clubs prestigieux tels que le Costa Brava Golf Club (2,9 km &#8211; 7 min), le Golf d&rsquo;Aro (3,6 km &#8211; 5 min), le Pitch &amp; Putt Mas, le Pitch &amp; Putt Mas Torrellas (1,4 km &#8211; 3 min) et le Mas Tapioles (4,6 km &#8211; 10 min).<\/p>\n<p>Vous pouvez \u00e9galement mener des activit\u00e9s culturelles, retrouver l&rsquo;Antiquit\u00e9, visiter des \u00e9glises &#8211; comme Sant Mart\u00ed de Romany\u00e0 &#8211; et des ensembles m\u00e9galithiques qui se sont r\u00e9pandus dans toute la municipalit\u00e9, ainsi que d\u00e9couvrir de grands personnages illustres tels que Merc\u00e8 Rodoreda et sa route litt\u00e9raire.<\/p>\n<p>Santa Cristina d&rsquo;Aro offre des services de toutes sortes, aussi bien dans le commerce alimentaire (supermarch\u00e9s, boucherie, boulangerie, etc.); et plusieurs autres comme pharmacie, coiffeur, librairie, fleuriste, agence, immobilier, m\u00e9canicien; Services de sant\u00e9: centre de soins primaires, clinique dentaire, loisirs: bar, pubs, restaurants, h\u00f4tels, h\u00e9bergements touristiques, campings; Centres sportifs etc.<\/p>\n<p>Santa Cristina d&rsquo;Aro est, en bref, une charmante ville, o\u00f9 vivre ou passer des loisirs \u00e0 tout moment de l&rsquo;ann\u00e9e.<\/p>\n<p>&nbsp;<\/p>\n<p>[\/vc_column_text]\n    <div class=\"recent-properties\">\n\n            <\/div>\n\n[vc_separator][vc_btn title=\u00a0\u00bbAUTRES MAISONS \u00c0 VENDRE\u00a0\u00bb style=\u00a0\u00bbflat\u00a0\u00bb shape=\u00a0\u00bbsquare\u00a0\u00bb size=\u00a0\u00bblg\u00a0\u00bb align=\u00a0\u00bbcenter\u00a0\u00bb button_block=\u00a0\u00bbtrue\u00a0\u00bb link=\u00a0\u00bburl:https%3A%2F%2Fwww.casessingulars.cat%2Ffr%2Fmaisons-a-vendre-dans-emporda-gerone%2F|title:Maisons%20a%20vendre%20dans%20Emporda%20Gerone\u00a0\u00bb][\/vc_column][\/vc_row]<\/p>\n","protected":false},"excerpt":{"rendered":"<p>[vc_row][vc_column][vc_single_image image=\u00a0\u00bb17934&Prime; style=\u00a0\u00bbrounded\u00a0\u00bb alt=\u00a0\u00bbVistas Pueblo de Pals Baix Empord\u00e0, Girona\u00a0\u00bb][vc_empty_space][vc_column_text]Le village de Santa Cristina d&rsquo;Aro est situ\u00e9 au centre de la Costa Brava, r\u00e9gion du Baix Empord\u00e0, endroit qui permet une bonne communication avec les autres populations, ainsi qu&rsquo;avec G\u00e9rone, Barcelone et la fronti\u00e8re fran\u00e7aise. Sur l&rsquo;autoroute AP-7 (E-15), sortie 9. La situation g\u00e9ographique imbattable de Santa Cristina d&rsquo;Aro, entour\u00e9e&#8230;<\/p>\n<div><a href=\"https:\/\/www.casessingulars.cat\/fr\/emporda\/santacristinadaro\/\" class=\"read-more\">En savois plus<i class=\"fa fa-arrow-circle-o-right\"><\/i><\/a><\/div>\n","protected":false},"author":1,"featured_media":0,"parent":8081,"menu_order":0,"comment_status":"open","ping_status":"open","template":"","meta":{"footnotes":""},"class_list":["post-17950","page","type-page","status-publish","hentry","no-featured"],"aioseo_notices":[],"_links":{"self":[{"href":"https:\/\/www.casessingulars.cat\/fr\/wp-json\/wp\/v2\/pages\/17950","targetHints":{"allow":["GET"]}}],"collection":[{"href":"https:\/\/www.casessingulars.cat\/fr\/wp-json\/wp\/v2\/pages"}],"about":[{"href":"https:\/\/www.casessingulars.cat\/fr\/wp-json\/wp\/v2\/types\/page"}],"author":[{"embeddable":true,"href":"https:\/\/www.casessingulars.cat\/fr\/wp-json\/wp\/v2\/users\/1"}],"replies":[{"embeddable":true,"href":"https:\/\/www.casessingulars.cat\/fr\/wp-json\/wp\/v2\/comments?post=17950"}],"version-history":[{"count":0,"href":"https:\/\/www.casessingulars.cat\/fr\/wp-json\/wp\/v2\/pages\/17950\/revisions"}],"up":[{"embeddable":true,"href":"https:\/\/www.casessingulars.cat\/fr\/wp-json\/wp\/v2\/pages\/8081"}],"wp:attachment":[{"href":"https:\/\/www.casessingulars.cat\/fr\/wp-json\/wp\/v2\/media?parent=17950"}],"curies":[{"name":"wp","href":"https:\/\/api.w.org\/{rel}","templated":true}]}}