{"id":7885,"date":"2014-12-26T08:44:19","date_gmt":"2014-12-26T08:44:19","guid":{"rendered":"http:\/\/www.casessingulars.cat\/emporda\/bellcaire-emporda\/"},"modified":"2020-11-13T08:42:30","modified_gmt":"2020-11-13T08:42:30","slug":"bellcaire-emporda-girona","status":"publish","type":"page","link":"https:\/\/www.casessingulars.cat\/en\/emporda\/bellcaire-emporda-girona\/","title":{"rendered":"Bellcaire d&#8217;Empord\u00e0"},"content":{"rendered":"<p>[vc_row][vc_column][vc_single_image image=&#8221;7886&#8243; style=&#8221;rounded&#8221; alt=&#8221;Vistas de campos de Bellcaire d\u00b4Empord\u00e0&#8221;][vc_empty_space][vc_column_text]<\/p>\n<p style=\"text-align: justify;\">The village of <strong>Bellcaire d\u2019Empord\u00e0<\/strong>, in the region of Baix Empord\u00e0, is located at only 7 kilometres from the beaches of the town of L&#8217;Escala, 9 kilometres from Emp\u00faries and at 50 kilometres from the French border.<\/p>\n<p style=\"text-align: justify;\">In the centre of town there are shops to where you can purchase basic items, such as the Santi butcher, a bakery, a grocery store, a supermarket, a newsagent, a pharmacy, a tobacconist and several bars and restaurants.<\/p>\n<p style=\"text-align: justify;\">The town, with 667 inhabitants, still maintains the Medieval Palace\/Castle from the late thirteenth century, declared of national historical interest, and the Romanesque church of San Juan de Bellcaire. In the centre of the village, you will find the Rec del Moli, which is currently used for irrigation, but formerly used to supply hydraulic energy for the nearby mills.<\/p>\n<p style=\"text-align: justify;\">As a tradition since 1979, every Easter Friday and Saturday, the village recreates the medieval theatre &#8220;Bandera de Catalu\u00f1a&#8221; (The Catalan Flag) in the town square where practically everyone participates, and during the day there is a Medieval Market.<\/p>\n<p style=\"text-align: justify;\">As all the villages of the region, Bellcaire d&#8217;Empord\u00e0 offers peacefulness and a privileged environment, also close to the best beaches of the Costa Brava, for the enjoyment of the whole family, all year round.<\/p>\n<p>[\/vc_column_text]\n    <div class=\"recent-properties\">\n\n            <\/div>\n\n[vc_separator][vc_btn title=&#8221;OTHER HOUSES FOR SALE&#8221; style=&#8221;flat&#8221; shape=&#8221;square&#8221; size=&#8221;lg&#8221; align=&#8221;center&#8221; button_block=&#8221;true&#8221; link=&#8221;url:https%3A%2F%2Fwww.casessingulars.cat%2Fen%2Fhouses-for-sale-in-emporda-girona%2F|title:Houses%20for%20sale%20Empord%C3%A0%20Girona&#8221;][\/vc_column][\/vc_row]<\/p>\n","protected":false},"excerpt":{"rendered":"<p>[vc_row][vc_column][vc_single_image image=&#8221;7886&#8243; style=&#8221;rounded&#8221; alt=&#8221;Vistas de campos de Bellcaire d\u00b4Empord\u00e0&#8221;][vc_empty_space][vc_column_text] The village of Bellcaire d\u2019Empord\u00e0, in the region of Baix Empord\u00e0, is located at only 7 kilometres from the beaches of the town of L&#8217;Escala, 9 kilometres from Emp\u00faries and at 50 kilometres from the French border. In the centre of town there are shops to where you can purchase basic&#8230;<\/p>\n<div><a href=\"https:\/\/www.casessingulars.cat\/en\/emporda\/bellcaire-emporda-girona\/\" class=\"read-more\">Read More <i class=\"fa fa-arrow-circle-o-right\"><\/i><\/a><\/div>\n","protected":false},"author":1,"featured_media":0,"parent":7873,"menu_order":0,"comment_status":"open","ping_status":"open","template":"","meta":{"footnotes":""},"class_list":["post-7885","page","type-page","status-publish","hentry","no-featured"],"aioseo_notices":[],"_links":{"self":[{"href":"https:\/\/www.casessingulars.cat\/en\/wp-json\/wp\/v2\/pages\/7885","targetHints":{"allow":["GET"]}}],"collection":[{"href":"https:\/\/www.casessingulars.cat\/en\/wp-json\/wp\/v2\/pages"}],"about":[{"href":"https:\/\/www.casessingulars.cat\/en\/wp-json\/wp\/v2\/types\/page"}],"author":[{"embeddable":true,"href":"https:\/\/www.casessingulars.cat\/en\/wp-json\/wp\/v2\/users\/1"}],"replies":[{"embeddable":true,"href":"https:\/\/www.casessingulars.cat\/en\/wp-json\/wp\/v2\/comments?post=7885"}],"version-history":[{"count":0,"href":"https:\/\/www.casessingulars.cat\/en\/wp-json\/wp\/v2\/pages\/7885\/revisions"}],"up":[{"embeddable":true,"href":"https:\/\/www.casessingulars.cat\/en\/wp-json\/wp\/v2\/pages\/7873"}],"wp:attachment":[{"href":"https:\/\/www.casessingulars.cat\/en\/wp-json\/wp\/v2\/media?parent=7885"}],"curies":[{"name":"wp","href":"https:\/\/api.w.org\/{rel}","templated":true}]}}