{"id":7873,"date":"2014-12-26T08:43:11","date_gmt":"2014-12-26T08:43:11","guid":{"rendered":"http:\/\/www.casessingulars.cat\/emporda-2\/"},"modified":"2015-03-09T14:15:05","modified_gmt":"2015-03-09T14:15:05","slug":"emporda","status":"publish","type":"page","link":"https:\/\/www.casessingulars.cat\/en\/emporda\/","title":{"rendered":"Empord\u00e0"},"content":{"rendered":"<p>[vc_row][vc_column width=&#8221;1\/1&#8243;][vc_single_image image=&#8221;7298&#8243; style=&#8221;rounded&#8221; visibility=&#8221;all&#8221; alt=&#8221;Vistas del pueblo de Pals (Baix Empord\u00e0, Girona), Cases Singulars&#8221;][vc_separator type=&#8221;line&#8221; size=&#8221;fullwidth&#8221; position=&#8221;center&#8221; thickness=&#8221;2&#8243; space_before=&#8221;20&#8243; space_after=&#8221;20&#8243; visibility=&#8221;all&#8221;][\/vc_column][\/vc_row][vc_row][vc_column width=&#8221;2\/3&#8243;][vc_column_text visibility=&#8221;all&#8221;]<\/p>\n<p style=\"text-align: justify;\">El Empord\u00e0, est\u00e1 formado por las comarcas del Alt y Baix Empord\u00e0, y goza de una situaci\u00f3n privilegiada dentro de Europa. Las infraestructuras existentes (autopista AP-7, l\u00ednea ferroviaria, aeropuerto de Girona a unos 50 km ya unos 140 km del aeropuerto de Barcelona) est\u00e1n muy cerca, lo que facilita su acceso. Debido a su situaci\u00f3n geogr\u00e1fica, el Empord\u00e0 disfruta de un clima templado, por lo que se puede disfrutar de la zona durante todo el a\u00f1o.<\/p>\n<p style=\"text-align: justify;\">En el litoral del Empord\u00e0, Costa Brava, hay gran diversidad de playas y calas que destacan por su belleza natural: desde playas kilom\u00e9tricas como Pals o San Mart\u00edn de Ampurias, hasta las calas peque\u00f1as que encuentras en Begur y Palafrugell, as\u00ed como las m\u00e1s animadas de Roses, Empuriabrava y la Escala.<\/p>\n<h3 style=\"text-align: justify;\">Naturaleza<\/h3>\n<p style=\"text-align: justify;\">El Empord\u00e0 goza de una gran riqueza natural. Su situaci\u00f3n y constituci\u00f3n hacen que sobrevivan una serie de espacios de inter\u00e9s natural, protegidos, caracter\u00edsticos de las zonas mediterr\u00e1neas: El Montgr\u00ed, las islas Medes, las monta\u00f1as de las Gavarres, El Cabo de Creus&#8230;<\/p>\n<h3 style=\"text-align: justify;\">Ocio<\/h3>\n<p style=\"text-align: justify;\">Para disfrutar del entorno, el Empord\u00e0 te ofrece multitud de opciones para realizar diferentes actividades de deporte y ocio: senderismo, cicloturismo, bicicleta, deportes acu\u00e1ticos e incluso actividades a\u00e9reas como subir en globo; ferias, mercados, etc &#8230; en destacar la calidad de sus campos de golf, Palos Golf Club, Empord\u00e0 Golf Resort Gualta, Peralada Golf Club, Costa Brava Golf Club&#8230;<\/p>\n<p style=\"text-align: justify;\">Para descubrir el Empord\u00e0 nada mejor que conocer a Salvador Dal\u00ed ya su obra reconocida internacionalmente. El pintor ampurdan\u00e9s por excelencia hizo del Empord\u00e0 el punto de partida de sus viajes a su universo surrealista. Tambi\u00e9n han contribuido a dar a conocer la comarca el poeta Josep Pla o la bailaora Carmen Amaya.<\/p>\n<p style=\"text-align: justify;\">En la zona podr\u00e1s descubrir adem\u00e1s del Museo Dal\u00ed, en Figueres, innumerables muestras de arte prehist\u00f3rico, romano y medieval, as\u00ed como disfrutar de las diversas fiestas y eventos populares que se llevan a cabo en cada localidad. Las Ruinas de Emp\u00faries, donde todav\u00eda se puede visitar lo que queda de una ciudad y factor\u00eda griega y de una ciudad romana, son la muestra de que ya los romanos eligieron esta zona para asentarse por todo lo que les ofrec\u00eda.<\/p>\n<p style=\"text-align: justify;\">Para los amantes del juego en el Casino Castell de Peralada, donde adem\u00e1s podr\u00e1s descubrir sus museos, las cavas de la bodega del Castillo de Peralada, con gran tradici\u00f3n vin\u00edcola, y en verano, el reconocido Festival Internacional de M\u00fasica, dedicado especialmente a la l\u00edrica, que es junto al Festival de M\u00fasica de Cap Roig, en Calella de Palafrugell, los dos m\u00e1s importantes eventos musicales de la Costa Brava.<\/p>\n<p style=\"text-align: justify;\">Y para aquellos que no quieran renunciar a un d\u00eda de Shopping, la zona comercial de Girona te ofrece todo lo que puedas imaginar, y a menos de una hora en coche tienes el centro comercial La Roca Village.<\/p>\n<h3 style=\"text-align: justify;\">Gastronom\u00eda<\/h3>\n<p style=\"text-align: justify;\">La gastronom\u00eda del Empord\u00e0, llamada &#8220;cocina de mar y monta\u00f1a&#8221; es una muestra evidente de la generosidad de esta tierra: el mar da la excelente pescado y marisco t\u00edpico de los platos de la Costa Brava; la llanura, frutas y productos del campo y de la huerta; y la monta\u00f1a, las carnes, los quesos y los productos silvestres. Durante el a\u00f1o se celebran atractivas muestras gastron\u00f3micas en diferentes localidades donde podr\u00e1s degustarlos. Como productos aut\u00f3ctonos tambi\u00e9n destacan los vinos con Denominaci\u00f3n de Origen Empord\u00e0, as\u00ed como otros productos como las anchoas de la Escala, bu\u00f1uelos del Empord\u00e0, el arroz de Pals, la gamba de Palam\u00f3s&#8230;<\/p>\n<p style=\"text-align: justify;\">La facilidad de acceso, la belleza natural del entorno, el car\u00e1cter de su gente, las maravillosas playas, el importante patrimonio hist\u00f3rico y cultural, junto con el amplio abanico de actividades y servicios, hacen de las comarcas del Alt y Baix Empord\u00e0 el lugar ideal para pasar ya sea un solo d\u00eda, unas largas vacaciones, o quedarse a vivir todo el a\u00f1o.<\/p>\n<h5 style=\"text-align: center;\">&lt;Cases Singulars forma parte de la plataforma Salvem l&#8217;Empord\u00e0&gt;<\/h5>\n<h5 style=\"text-align: justify;\">Ahora que conoces las singularidades del Empord\u00e0, mira las de los pueblos donde tenemos casas en venta: <span style=\"color: #75b08a;\"><a style=\"color: #75b08a;\" title=\"Pals\" href=\"\/?page_id=7219\">Pals<\/a><\/span>, <span style=\"color: #75b08a;\"><a style=\"color: #75b08a;\" title=\"Palau Sator\" href=\"\/?page_id=7217\">Palau-sator<\/a><\/span>, <span style=\"color: #75b08a;\"><a style=\"color: #75b08a;\" title=\"Bellcaire d\u2019Empord\u00e0\" href=\"\/?page_id=7215\">Bellcaire d&#8217;Empord\u00e0<\/a><\/span> i <span style=\"color: #75b08a;\"><a style=\"color: #75b08a;\" title=\"Albons\" href=\"\/?page_id=7213\">Albons<\/a><\/span>.<\/h5>\n<p>[\/vc_column_text][vc_separator type=&#8221;line&#8221; size=&#8221;fullwidth&#8221; position=&#8221;center&#8221; thickness=&#8221;2&#8243; space_before=&#8221;20&#8243; space_after=&#8221;20&#8243; visibility=&#8221;all&#8221;][vc_single_image image=&#8221;7299&#8243; style=&#8221;rounded&#8221; visibility=&#8221;all&#8221; alt=&#8221;Campos del Baix Empord\u00e0, Cases Singulars del Empord\u00e0&#8221;][\/vc_column][vc_column width=&#8221;1\/3&#8243;][vc_single_image image=&#8221;7300&#8243; style=&#8221;rounded&#8221; visibility=&#8221;all&#8221;]<hr  class=\"noo-gap\" style=\" margin: 46px 0 0 0;\">[vc_single_image image=&#8221;7301&#8243; style=&#8221;rounded&#8221; visibility=&#8221;all&#8221; alt=&#8221;vistas de una cala de la Costa Brava, Cases Singulars Empord\u00e0&#8221;]<hr  class=\"noo-gap\" style=\" margin: 46px 0 0 0;\">[vc_single_image image=&#8221;7302&#8243; style=&#8221;rounded&#8221; visibility=&#8221;all&#8221; alt=&#8221;Gastronom\u00eda Baix Empord\u00e0, Cases Singulars&#8221;][\/vc_column][\/vc_row]<\/p>\n","protected":false},"excerpt":{"rendered":"<p>[vc_row][vc_column width=&#8221;1\/1&#8243;][vc_single_image image=&#8221;7298&#8243; style=&#8221;rounded&#8221; visibility=&#8221;all&#8221; alt=&#8221;Vistas del pueblo de Pals (Baix Empord\u00e0, Girona), Cases Singulars&#8221;][vc_separator type=&#8221;line&#8221; size=&#8221;fullwidth&#8221; position=&#8221;center&#8221; thickness=&#8221;2&#8243; space_before=&#8221;20&#8243; space_after=&#8221;20&#8243; visibility=&#8221;all&#8221;][\/vc_column][\/vc_row][vc_row][vc_column width=&#8221;2\/3&#8243;][vc_column_text visibility=&#8221;all&#8221;] El Empord\u00e0, est\u00e1 formado por las comarcas del Alt y Baix Empord\u00e0, y goza de una situaci\u00f3n privilegiada dentro de Europa. Las infraestructuras existentes (autopista AP-7, l\u00ednea ferroviaria, aeropuerto de Girona a unos 50 km ya&#8230;<\/p>\n<div><a href=\"https:\/\/www.casessingulars.cat\/en\/emporda\/\" class=\"read-more\">Read More <i class=\"fa fa-arrow-circle-o-right\"><\/i><\/a><\/div>\n","protected":false},"author":1,"featured_media":0,"parent":0,"menu_order":0,"comment_status":"open","ping_status":"open","template":"","meta":{"footnotes":""},"class_list":["post-7873","page","type-page","status-publish","hentry","no-featured"],"aioseo_notices":[],"_links":{"self":[{"href":"https:\/\/www.casessingulars.cat\/en\/wp-json\/wp\/v2\/pages\/7873","targetHints":{"allow":["GET"]}}],"collection":[{"href":"https:\/\/www.casessingulars.cat\/en\/wp-json\/wp\/v2\/pages"}],"about":[{"href":"https:\/\/www.casessingulars.cat\/en\/wp-json\/wp\/v2\/types\/page"}],"author":[{"embeddable":true,"href":"https:\/\/www.casessingulars.cat\/en\/wp-json\/wp\/v2\/users\/1"}],"replies":[{"embeddable":true,"href":"https:\/\/www.casessingulars.cat\/en\/wp-json\/wp\/v2\/comments?post=7873"}],"version-history":[{"count":0,"href":"https:\/\/www.casessingulars.cat\/en\/wp-json\/wp\/v2\/pages\/7873\/revisions"}],"wp:attachment":[{"href":"https:\/\/www.casessingulars.cat\/en\/wp-json\/wp\/v2\/media?parent=7873"}],"curies":[{"name":"wp","href":"https:\/\/api.w.org\/{rel}","templated":true}]}}