{"id":20655,"date":"2024-02-29T11:56:15","date_gmt":"2024-02-29T10:56:15","guid":{"rendered":"https:\/\/www.casessingulars.cat\/?page_id=20655"},"modified":"2026-04-01T15:00:19","modified_gmt":"2026-04-01T13:00:19","slug":"la-bovila-de-pals","status":"publish","type":"page","link":"https:\/\/www.casessingulars.cat\/en\/la-bovila-de-pals\/","title":{"rendered":"La B\u00f3vila de Pals 2024"},"content":{"rendered":"<p>[vc_row][vc_column][vc_single_image image=&#8221;21199&#8243; visibility=&#8221;visible-pc&#8221; alt=&#8221;Construcci\u00f3n casas en el Empord\u00e0, Cases Singulars del Empord\u00e0&#8221; custom_style=&#8221;presentacio&#8221;][vc_single_image image=&#8221;21203&#8243; visibility=&#8221;visible-phone&#8221; alt=&#8221;Construcci\u00f3n casas en el Empord\u00e0, Cases Singulars del Empord\u00e0&#8221; custom_style=&#8221;presentacio&#8221;]<hr  class=\"noo-gap\" style=\" margin: 30px 0 0 0;\">[\/vc_column][\/vc_row][vc_row][vc_column][vc_custom_heading text=&#8221;Single-family homes with gardens and individual pools&#8221; font_container=&#8221;tag:h2|font_size:1.9em|text_align:center&#8221; use_theme_fonts=&#8221;yes&#8221; el_class=&#8221;grueso&#8221;]<hr  class=\"noo-gap\" style=\" margin: 52px 0 0 0;\">[\/vc_column][\/vc_row][vc_row bg_color=&#8221;#f7f7f7&#8243;][vc_column width=&#8221;1\/2&#8243; class=&#8221;ajuste_ancho&#8221;][vc_column_text custom_style=&#8221;padding-top: 4em&#8221;]<\/p>\n<p class=\"p1\">In the town center of Pals\u2014on Calle Avi Rajoler and Calle Sam\u00e0ria\u2014with all amenities within reach\u2014shopping, leisure, dining, health, and sports\u2014Cases Singulars de l&#8217;Empord\u00e0 is developing 11 single-family homes with gardens and individual swimming pools.<\/p>\n<p>[\/vc_column_text][vc_custom_heading text=&#8221;Last 2 homes for sale!&#8221; font_container=&#8221;tag:h5|font_size:20px|text_align:center|color:%23294e40|line_height:36px&#8221; google_fonts=&#8221;font_family:Montserrat%3Aregular%2C700|font_style:700%20bold%20regular%3A700%3Anormal&#8221; css_animation=&#8221;none&#8221; el_class=&#8221;text-fade&#8221;][vc_column_text]<\/p>\n<p class=\"p1\">Just 10 minutes from the beach by car and in a privileged natural setting, we offer single-family homes with ground and first floors:<\/p>\n<p>[\/vc_column_text][vc_column_text]<\/p>\n<ul class=\"ul1\">\n<li class=\"li1\">between 165 and 225 m\u00b2 built<\/li>\n<li class=\"li1\">between 40 and 113 m\u00b2 of garden<\/li>\n<li class=\"li1\">3 or 5 bedrooms<\/li>\n<li class=\"li1\">3 or 4 bathrooms<\/li>\n<li class=\"li1\">with parking or outdoor parking.<\/li>\n<\/ul>\n<p>[\/vc_column_text]<hr  class=\"noo-gap\" >[vc_column_text]<\/p>\n<div style=\"padding: 10px 20px; background: #294e40;\">\n<h5 style=\"text-align: center; color: #fff; line-height: 32px;\"><strong>Prices starting at 675.000 \u20ac<br \/>\nImmediate key delivery<\/strong><\/h5>\n<\/div>\n<p>[\/vc_column_text]<hr  class=\"noo-gap\" >[\/vc_column][vc_column width=&#8221;1\/2&#8243; class=&#8221;ajuste_mov&#8221;][vc_single_image image=&#8221;20527&#8243;][\/vc_column][\/vc_row][vc_row][vc_column]<hr  class=\"noo-gap\" style=\" margin: 60px 0 0 0;\">[vc_column_text]<\/p>\n<p class=\"p1\">We offer different typologies so that your home is ideal for you and your family, comfortable and cozy, with an optimal and intelligent distribution of space, excellent management of natural light, and a curated LED lighting project.<\/p>\n<p>[\/vc_column_text][vc_column_text]<\/p>\n<p class=\"p1\">The architectural project, as well as the interior design, is by the studio Gl\u00f2ria Duran \u00b7 Pol Rigau Arquitectura i Interiorisme with which Cases Singulars de l\u2019Empord\u00e0 has been working for more than 10 years, carrying out countless renovations of village houses and farmhouses in the Empord\u00e0.<\/p>\n<p>[\/vc_column_text][\/vc_column][\/vc_row][vc_row][vc_column]<hr  class=\"noo-gap\" style=\" margin: 52px 0 0 0;\">[vc_custom_heading text=&#8221;Select typology&#8221; font_container=&#8221;tag:h2|font_size:1.9em|text_align:center&#8221; use_theme_fonts=&#8221;yes&#8221; el_class=&#8221;grueso&#8221;]<hr  class=\"noo-gap\" style=\" margin: 52px 0 0 0;\">[vc_row_inner][vc_column_inner width=&#8221;1\/2&#8243;][vc_custom_heading text=&#8221;3 bedroom sample home&#8221; font_container=&#8221;tag:h3|font_size:1.4em|text_align:center&#8221; use_theme_fonts=&#8221;yes&#8221; el_class=&#8221;grueso&#8221; css=&#8221;.vc_custom_1761557742019{padding-top: 20px !important;padding-right: 20px !important;padding-bottom: 20px !important;padding-left: 20px !important;background-color: #f7f7f7 !important;}&#8221; link=&#8221;url:%233hab|&#8221;][\/vc_column_inner][vc_column_inner width=&#8221;1\/2&#8243;][vc_custom_heading text=&#8221;5 bedroom sample home&#8221; font_container=&#8221;tag:h3|font_size:1.4em|text_align:center&#8221; use_theme_fonts=&#8221;yes&#8221; el_class=&#8221;grueso&#8221; css=&#8221;.vc_custom_1761557748922{padding-top: 20px !important;padding-right: 20px !important;padding-bottom: 20px !important;padding-left: 20px !important;background-color: #f7f7f7 !important;}&#8221; link=&#8221;url:%235hab|&#8221;][\/vc_column_inner][\/vc_row_inner]<hr  class=\"noo-gap\" style=\" margin: 10px 0 0 0;\">[\/vc_column][\/vc_row][vc_row][vc_column]<hr  class=\"noo-gap\" style=\" margin: 52px 0 0 0;\">[vc_custom_heading text=&#8221;3 bedroom sample home&#8221; font_container=&#8221;tag:h3|font_size:1.4em|text_align:center&#8221; use_theme_fonts=&#8221;yes&#8221; el_class=&#8221;grueso&#8221; el_id=&#8221;3hab&#8221; css=&#8221;.vc_custom_1761557765377{padding-top: 20px !important;}&#8221;][vc_custom_heading text=&#8221;NOVELTY!&#8221; font_container=&#8221;tag:p|font_size:1em|text_align:center|color:%23ffffff&#8221; use_theme_fonts=&#8221;yes&#8221; css_animation=&#8221;slideInUp&#8221; el_class=&#8221;novedad_01&#8243; css=&#8221;.vc_custom_1761557784550{padding-top: 4px !important;padding-right: 10px !important;padding-bottom: 4px !important;padding-left: 10px !important;background-color: #294e40 !important;}&#8221;]<hr  class=\"noo-gap\" style=\" margin: 52px 0 0 0;\">[vc_single_image image=&#8221;21207&#8243; class=&#8221;cta-casa-muestra&#8221; href=&#8221;#contacto&#8221;][vc_media_grid element_width=&#8221;3&#8243; grid_id=&#8221;vc_gid:1775048387617-a124ff96-48e7-1&#8243; include=&#8221;21158,21154,21086,21090,21062,21118,21134,21122,21066,21114,21106,21130,21110,21102,21126,21138,21074,21070,21162,21166,21078,21082,21150,21146,21098,21094&#8243;][vc_single_image image=&#8221;21207&#8243; class=&#8221;cta-casa-muestra-mov&#8221; href=&#8221;#contacto&#8221;]<hr  class=\"noo-gap\" style=\" margin: 52px 0 0 0;\">[vc_custom_heading text=&#8221;Video of a 3-bedroom sample home&#8221; font_container=&#8221;tag:h3|font_size:1.4em|text_align:center&#8221; use_theme_fonts=&#8221;yes&#8221; el_class=&#8221;grueso&#8221;]<hr  class=\"noo-gap\" style=\" margin: 52px 0 0 0;\">[vc_column_text]https:\/\/youtu.be\/oFGdEeWClDQ?si=rKzsEznH3ASgW8EQ<\/p>\n<p>[\/vc_column_text]<hr  class=\"noo-gap\" style=\" margin: 52px 0 0 0;\">[\/vc_column][\/vc_row][vc_row][vc_column]<hr  class=\"noo-gap\" style=\" margin: 52px 0 0 0;\">[vc_custom_heading text=&#8221;5 bedroom sample home&#8221; font_container=&#8221;tag:h3|font_size:1.4em|text_align:center&#8221; use_theme_fonts=&#8221;yes&#8221; el_class=&#8221;grueso&#8221; el_id=&#8221;5hab&#8221; css=&#8221;.vc_custom_1761557773295{padding-top: 20px !important;}&#8221;]<hr  class=\"noo-gap\" style=\" margin: 52px 0 0 0;\">[vc_single_image image=&#8221;21211&#8243; class=&#8221;cta-casa-muestra&#8221; href=&#8221;#contacto&#8221;][vc_media_grid element_width=&#8221;3&#8243; grid_id=&#8221;vc_gid:1775048387619-dabe3b21-ee85-2&#8243; include=&#8221;20853,20938,20934,20950,20966,20962,20954,20958,20970,20974,20946,20906,20910,20873,20914,20918,20922,20926,20902,20930,20893,20889,20942&#8243;][vc_single_image image=&#8221;21211&#8243; class=&#8221;cta-casa-muestra-mov&#8221; href=&#8221;#contacto&#8221;]<hr  class=\"noo-gap\" style=\" margin: 52px 0 0 0;\">[vc_custom_heading text=&#8221;Video of a 5-bedroom sample home&#8221; font_container=&#8221;tag:h3|font_size:1.4em|text_align:center&#8221; use_theme_fonts=&#8221;yes&#8221; el_class=&#8221;grueso&#8221;]<hr  class=\"noo-gap\" style=\" margin: 52px 0 0 0;\">[vc_column_text]https:\/\/youtu.be\/Xa0xYJHULfs?si=Xp1DfKL2HmflYIQ8[\/vc_column_text]<hr  class=\"noo-gap\" style=\" margin: 52px 0 0 0;\">[\/vc_column][\/vc_row][vc_row][vc_column]<hr  class=\"noo-gap\" style=\" margin: 32px 0 0 0;\">[vc_custom_heading text=&#8221;Do not hesitate to contact us for more information or to make a visit&#8221; font_container=&#8221;tag:h2|font_size:1.9em|text_align:center&#8221; use_theme_fonts=&#8221;yes&#8221; el_class=&#8221;grueso&#8221; el_id=&#8221;contacto&#8221; css=&#8221;.vc_custom_1761557823462{padding-top: 20px !important;}&#8221;]<hr  class=\"noo-gap\" style=\" margin: 52px 0 0 0;\">[\/vc_column][\/vc_row][vc_row][vc_column width=&#8221;1\/4&#8243;][\/vc_column][vc_column width=&#8221;1\/2&#8243; custom_style=&#8221;background: #f7f7f7; padding: 20px 30px;&#8221;]\n<div class=\"wpcf7 no-js\" id=\"wpcf7-f20583-o1\" lang=\"fr-FR\" dir=\"ltr\" data-wpcf7-id=\"20583\">\n<div class=\"screen-reader-response\"><p role=\"status\" aria-live=\"polite\" aria-atomic=\"true\"><\/p> <ul><\/ul><\/div>\n<form action=\"\/en\/wp-json\/wp\/v2\/pages\/20655#wpcf7-f20583-o1\" method=\"post\" class=\"wpcf7-form init\" aria-label=\"Formulaire de contact\" novalidate=\"novalidate\" data-status=\"init\">\n<fieldset class=\"hidden-fields-container\"><input type=\"hidden\" name=\"_wpcf7\" value=\"20583\" \/><input type=\"hidden\" name=\"_wpcf7_version\" value=\"6.1.4\" \/><input type=\"hidden\" name=\"_wpcf7_locale\" value=\"fr_FR\" \/><input type=\"hidden\" name=\"_wpcf7_unit_tag\" value=\"wpcf7-f20583-o1\" \/><input type=\"hidden\" name=\"_wpcf7_container_post\" value=\"0\" \/><input type=\"hidden\" name=\"_wpcf7_posted_data_hash\" value=\"\" \/><input type=\"hidden\" name=\"_wpcf7_recaptcha_response\" value=\"\" \/>\n<\/fieldset>\n<p>Your name (required)\n<\/p>\n<p><span class=\"wpcf7-form-control-wrap\" data-name=\"your-name\"><input size=\"40\" maxlength=\"400\" class=\"wpcf7-form-control wpcf7-text wpcf7-validates-as-required\" aria-required=\"true\" aria-invalid=\"false\" value=\"\" type=\"text\" name=\"your-name\" \/><\/span>\n<\/p>\n<p>Your e-mail (required)\n<\/p>\n<p><span class=\"wpcf7-form-control-wrap\" data-name=\"your-email\"><input size=\"40\" maxlength=\"400\" class=\"wpcf7-form-control wpcf7-email wpcf7-validates-as-required wpcf7-text wpcf7-validates-as-email\" aria-required=\"true\" aria-invalid=\"false\" value=\"\" type=\"email\" name=\"your-email\" \/><\/span>\n<\/p>\n<p>Your message\n<\/p>\n<p><span class=\"wpcf7-form-control-wrap\" data-name=\"your-message\"><textarea cols=\"40\" rows=\"10\" maxlength=\"2000\" class=\"wpcf7-form-control wpcf7-textarea\" aria-invalid=\"false\" name=\"your-message\"><\/textarea><\/span>\n<\/p>\n<p><input class=\"wpcf7-form-control wpcf7-submit has-spinner\" type=\"submit\" value=\"Submit form\" \/>\n<\/p><p style=\"display: none !important;\" class=\"akismet-fields-container\" data-prefix=\"_wpcf7_ak_\"><label>&#916;<textarea name=\"_wpcf7_ak_hp_textarea\" cols=\"45\" rows=\"8\" maxlength=\"100\"><\/textarea><\/label><input type=\"hidden\" id=\"ak_js_1\" name=\"_wpcf7_ak_js\" value=\"16\"\/><script>document.getElementById( \"ak_js_1\" ).setAttribute( \"value\", ( new Date() ).getTime() );<\/script><\/p><div class=\"wpcf7-response-output\" aria-hidden=\"true\"><\/div>\n<\/form>\n<\/div>\n[\/vc_column][vc_column width=&#8221;1\/4&#8243;][\/vc_column][\/vc_row][vc_row][vc_column custom_style=&#8221;padding-left:0; padding-right: 0;&#8221;]<hr  class=\"noo-gap\" style=\" margin: 52px 0 0 0;\">[vc_single_image image=&#8221;20548&#8243;][\/vc_column][\/vc_row]<\/p>\n","protected":false},"excerpt":{"rendered":"<p>[vc_row][vc_column][vc_single_image image=&#8221;21199&#8243; visibility=&#8221;visible-pc&#8221; alt=&#8221;Construcci\u00f3n casas en el Empord\u00e0, Cases Singulars del Empord\u00e0&#8221; custom_style=&#8221;presentacio&#8221;][vc_single_image image=&#8221;21203&#8243; visibility=&#8221;visible-phone&#8221; alt=&#8221;Construcci\u00f3n casas en el Empord\u00e0, Cases Singulars del Empord\u00e0&#8221; custom_style=&#8221;presentacio&#8221;][\/vc_column][\/vc_row][vc_row][vc_column][vc_custom_heading text=&#8221;Single-family homes with gardens and individual pools&#8221; font_container=&#8221;tag:h2|font_size:1.9em|text_align:center&#8221; use_theme_fonts=&#8221;yes&#8221; el_class=&#8221;grueso&#8221;][\/vc_column][\/vc_row][vc_row bg_color=&#8221;#f7f7f7&#8243;][vc_column width=&#8221;1\/2&#8243; class=&#8221;ajuste_ancho&#8221;][vc_column_text custom_style=&#8221;padding-top: 4em&#8221;] In the town center of Pals\u2014on Calle Avi Rajoler and Calle Sam\u00e0ria\u2014with all amenities within reach\u2014shopping, leisure, dining, health, and&#8230;<\/p>\n<div><a href=\"https:\/\/www.casessingulars.cat\/en\/la-bovila-de-pals\/\" class=\"read-more\">Read More <i class=\"fa fa-arrow-circle-o-right\"><\/i><\/a><\/div>\n","protected":false},"author":6,"featured_media":0,"parent":0,"menu_order":0,"comment_status":"closed","ping_status":"closed","template":"","meta":{"footnotes":""},"class_list":["post-20655","page","type-page","status-publish","hentry","no-featured"],"aioseo_notices":[],"_links":{"self":[{"href":"https:\/\/www.casessingulars.cat\/en\/wp-json\/wp\/v2\/pages\/20655","targetHints":{"allow":["GET"]}}],"collection":[{"href":"https:\/\/www.casessingulars.cat\/en\/wp-json\/wp\/v2\/pages"}],"about":[{"href":"https:\/\/www.casessingulars.cat\/en\/wp-json\/wp\/v2\/types\/page"}],"author":[{"embeddable":true,"href":"https:\/\/www.casessingulars.cat\/en\/wp-json\/wp\/v2\/users\/6"}],"replies":[{"embeddable":true,"href":"https:\/\/www.casessingulars.cat\/en\/wp-json\/wp\/v2\/comments?post=20655"}],"version-history":[{"count":0,"href":"https:\/\/www.casessingulars.cat\/en\/wp-json\/wp\/v2\/pages\/20655\/revisions"}],"wp:attachment":[{"href":"https:\/\/www.casessingulars.cat\/en\/wp-json\/wp\/v2\/media?parent=20655"}],"curies":[{"name":"wp","href":"https:\/\/api.w.org\/{rel}","templated":true}]}}