{"id":18622,"date":"2015-10-08T23:55:40","date_gmt":"2015-10-08T23:55:40","guid":{"rendered":"https:\/\/www.casessingulars.cat\/emporda\/saus-2\/"},"modified":"2020-11-17T16:57:06","modified_gmt":"2020-11-17T16:57:06","slug":"saus","status":"publish","type":"page","link":"https:\/\/www.casessingulars.cat\/en\/emporda\/saus\/","title":{"rendered":"Saus"},"content":{"rendered":"<p>[vc_row][vc_column][vc_single_image image=&#8221;18618&#8243; style=&#8221;rounded&#8221;][vc_empty_space][vc_column_text]Saus is a municipality located in the Alt Empord\u00e0 region, practically on the dividing line with the neighboring regions of Baix Empord\u00e0 and Giron\u00e9s. The town of Saus has given its name to the Empordan\u00e8s municipality, which also includes the towns of Camallera and Llampaies.<\/p>\n<p>The town is next to the GE623\/630 road, which goes from exit 5, to Orriols, from the A-7 motorway, between Girona and Figueres, towards Emp\u00faries and L\u2019Escala; an important route of tourist penetration that, in recent years, has been improved in all aspects.<\/p>\n<p>Due to its proximity to an area as touristy as the Costa Brava, Saus also receives the visit of many visitors who discover in its natural and scenic surroundings the authenticity of a small town in L \u2019Empord\u00e0, ideal for rural tourism.[\/vc_column_text]\n    <div class=\"recent-properties\">\n\n            <\/div>\n\n[vc_separator color=&#8221;&#8221;][vc_btn title=&#8221;OTHER HOUSES FOR SALE&#8221; style=&#8221;flat&#8221; shape=&#8221;square&#8221; size=&#8221;lg&#8221; align=&#8221;center&#8221; button_block=&#8221;true&#8221; link=&#8221;url:https%3A%2F%2Fwww.casessingulars.cat%2Fen%2Fhouses-for-sale-in-emporda-girona%2F|title:Casas%20en%20Venta%20en%20el%20Empord%C3%A0&#8243;][\/vc_column][\/vc_row]<\/p>\n","protected":false},"excerpt":{"rendered":"<p>[vc_row][vc_column][vc_single_image image=&#8221;18618&#8243; style=&#8221;rounded&#8221;][vc_empty_space][vc_column_text]Saus is a municipality located in the Alt Empord\u00e0 region, practically on the dividing line with the neighboring regions of Baix Empord\u00e0 and Giron\u00e9s. The town of Saus has given its name to the Empordan\u00e8s municipality, which also includes the towns of Camallera and Llampaies. The town is next to the GE623\/630 road, which goes from exit 5,&#8230;<\/p>\n<div><a href=\"https:\/\/www.casessingulars.cat\/en\/emporda\/saus\/\" class=\"read-more\">Read More <i class=\"fa fa-arrow-circle-o-right\"><\/i><\/a><\/div>\n","protected":false},"author":1,"featured_media":0,"parent":7873,"menu_order":0,"comment_status":"closed","ping_status":"closed","template":"","meta":{"footnotes":""},"class_list":["post-18622","page","type-page","status-publish","hentry","no-featured"],"aioseo_notices":[],"_links":{"self":[{"href":"https:\/\/www.casessingulars.cat\/en\/wp-json\/wp\/v2\/pages\/18622","targetHints":{"allow":["GET"]}}],"collection":[{"href":"https:\/\/www.casessingulars.cat\/en\/wp-json\/wp\/v2\/pages"}],"about":[{"href":"https:\/\/www.casessingulars.cat\/en\/wp-json\/wp\/v2\/types\/page"}],"author":[{"embeddable":true,"href":"https:\/\/www.casessingulars.cat\/en\/wp-json\/wp\/v2\/users\/1"}],"replies":[{"embeddable":true,"href":"https:\/\/www.casessingulars.cat\/en\/wp-json\/wp\/v2\/comments?post=18622"}],"version-history":[{"count":0,"href":"https:\/\/www.casessingulars.cat\/en\/wp-json\/wp\/v2\/pages\/18622\/revisions"}],"up":[{"embeddable":true,"href":"https:\/\/www.casessingulars.cat\/en\/wp-json\/wp\/v2\/pages\/7873"}],"wp:attachment":[{"href":"https:\/\/www.casessingulars.cat\/en\/wp-json\/wp\/v2\/media?parent=18622"}],"curies":[{"name":"wp","href":"https:\/\/api.w.org\/{rel}","templated":true}]}}