{"id":8623,"date":"2015-10-08T23:55:40","date_gmt":"2015-10-08T23:55:40","guid":{"rendered":"http:\/\/www.casessingulars.cat\/?page_id=8623"},"modified":"2020-11-17T16:43:01","modified_gmt":"2020-11-17T16:43:01","slug":"saus","status":"publish","type":"page","link":"https:\/\/www.casessingulars.cat\/ca\/emporda\/saus\/","title":{"rendered":"Saus"},"content":{"rendered":"<p>[vc_row][vc_column][vc_single_image image=&#8221;18617&#8243; style=&#8221;rounded&#8221;][vc_empty_space][vc_column_text]Saus \u00e9s un municipi situat a la comarca de l\u2019Alt Empord\u00e0, pr\u00e0cticament a la l\u00ednia divis\u00f2ria amb les comarques ve\u00efnes del Baix Empord\u00e0 i el Giron\u00e8s. El poble de Saus ha donat nom al municipi Empordan\u00e8s que inclou tamb\u00e9 les poblacions de Camallera i Llampaies.<\/p>\n<p>El poble est\u00e0 al costat de la carretera GE623 \/ 630, que va des de la sortida 5, a Orriols, de l\u2019autopista A-7, entre Girona i Figueres, cap a Emp\u00faries i l\u2019Escala; una important via de penetraci\u00f3 tur\u00edstica que, en els \u00faltims anys, ha estat millorada en tots els aspectes.<\/p>\n<p>Per la seva proximitat a una zona tan tur\u00edstica com la Costa Brava, Saus tamb\u00e9 rep la visita de nombrosos visitants que descobreixen en el seu entorn paisatg\u00edstic i natural l\u2019autenticitat d\u2019un petit poble de l\u2019Empord\u00e0 ideal per realitzar turisme rural.[\/vc_column_text]\n    <div class=\"recent-properties\">\n\n            <\/div>\n\n[vc_separator color=&#8221;&#8221;][vc_btn title=&#8221;ALTRES CASES A LA VENDA&#8221; style=&#8221;flat&#8221; shape=&#8221;square&#8221; size=&#8221;lg&#8221; align=&#8221;center&#8221; button_block=&#8221;true&#8221; link=&#8221;url:https%3A%2F%2Fwww.casessingulars.cat%2Fca%2Fcases-venda-emporda%2F|title:Cases%20a%20la%20%20Venda%20a%20l&#8217;Empord%C3%A0&#8243;][\/vc_column][\/vc_row]<\/p>\n","protected":false},"excerpt":{"rendered":"<p>[vc_row][vc_column][vc_single_image image=&#8221;18617&#8243; style=&#8221;rounded&#8221;][vc_empty_space][vc_column_text]Saus \u00e9s un municipi situat a la comarca de l\u2019Alt Empord\u00e0, pr\u00e0cticament a la l\u00ednia divis\u00f2ria amb les comarques ve\u00efnes del Baix Empord\u00e0 i el Giron\u00e8s. El poble de Saus ha donat nom al municipi Empordan\u00e8s que inclou tamb\u00e9 les poblacions de Camallera i Llampaies. El poble est\u00e0 al costat de la carretera GE623 \/ 630, que va&#8230;<\/p>\n<div><a href=\"https:\/\/www.casessingulars.cat\/ca\/emporda\/saus\/\" class=\"read-more\">Read More <i class=\"fa fa-arrow-circle-o-right\"><\/i><\/a><\/div>\n","protected":false},"author":1,"featured_media":0,"parent":7211,"menu_order":0,"comment_status":"closed","ping_status":"closed","template":"","meta":{"footnotes":""},"class_list":["post-8623","page","type-page","status-publish","hentry","no-featured"],"aioseo_notices":[],"_links":{"self":[{"href":"https:\/\/www.casessingulars.cat\/ca\/wp-json\/wp\/v2\/pages\/8623","targetHints":{"allow":["GET"]}}],"collection":[{"href":"https:\/\/www.casessingulars.cat\/ca\/wp-json\/wp\/v2\/pages"}],"about":[{"href":"https:\/\/www.casessingulars.cat\/ca\/wp-json\/wp\/v2\/types\/page"}],"author":[{"embeddable":true,"href":"https:\/\/www.casessingulars.cat\/ca\/wp-json\/wp\/v2\/users\/1"}],"replies":[{"embeddable":true,"href":"https:\/\/www.casessingulars.cat\/ca\/wp-json\/wp\/v2\/comments?post=8623"}],"version-history":[{"count":0,"href":"https:\/\/www.casessingulars.cat\/ca\/wp-json\/wp\/v2\/pages\/8623\/revisions"}],"up":[{"embeddable":true,"href":"https:\/\/www.casessingulars.cat\/ca\/wp-json\/wp\/v2\/pages\/7211"}],"wp:attachment":[{"href":"https:\/\/www.casessingulars.cat\/ca\/wp-json\/wp\/v2\/media?parent=8623"}],"curies":[{"name":"wp","href":"https:\/\/api.w.org\/{rel}","templated":true}]}}