{"id":7255,"date":"2014-12-26T09:00:40","date_gmt":"2014-12-26T09:00:40","guid":{"rendered":"http:\/\/www.casessingulars.cat\/?page_id=7255"},"modified":"2015-02-10T10:51:55","modified_gmt":"2015-02-10T10:51:55","slug":"obra-nova-emporda","status":"publish","type":"page","link":"https:\/\/www.casessingulars.cat\/ca\/obra-nova-emporda\/","title":{"rendered":"Obra Nova"},"content":{"rendered":"<p>[vc_row][vc_column width=&#8221;1\/1&#8243;][vc_single_image image=&#8221;7266&#8243; style=&#8221;rounded&#8221; visibility=&#8221;all&#8221;]<hr  class=\"noo-gap\" style=\" margin: 30px 0 0 0;\">[vc_column_text visibility=&#8221;all&#8221;]<\/p>\n<p style=\"text-align: justify;\">Suposem que ets propietari d&#8217;un terreny a l&#8217;Empord\u00e0 &#8211; b\u00e9 perqu\u00e8 ja ho tenies o perqu\u00e8 vas contractar els nostres serveis de recerca de cases i terrenys-, i ara vols <strong>construir-te en ell la casa dels teus somnis<\/strong>.<\/p>\n<p style=\"text-align: justify;\">Si has vist els exemples de les <a title=\"cases en venta emporda\" href=\"\/?page_id=7421\">cases que tenim en venda en l&#8217;actualitat<\/a> &#8211; tant les acabades com les que estan en proc\u00e9s de rehabilitaci\u00f3 -, \u00e9s probable que t&#8217;hagis adonat del &#8220;estil similar&#8221; de totes elles. Doncs b\u00e9, si vols que t&#8217; constru\u00efm una semblant per\u00f2 adaptada exactament a les teves necessitats, pots <strong>contractar els nostres serveis d&#8217;obra nova<\/strong> per a aix\u00f2.<\/p>\n<p style=\"text-align: justify;\">Treballarem amb un projecte que seguir\u00e0 les pautes que ens marquis relacionades amb els espais que vulguis tenir -nombre habitacions normals o suites, espais comuns, banys, piscina, celler, spa, jard\u00ed, criteris relacionats amb la sostenibilitat, etc &#8230; -, i el farem <strong>sense desviar-nos del pressupost inicial pactat<\/strong>.<\/p>\n<p style=\"text-align: justify;\">Contacta&#8217;ns per que ens puguem veure, ens expliquis qu\u00e8 \u00e9s el que vols, i et puguem explicar com ho farem.<\/p>\n<p>[\/vc_column_text][\/vc_column][\/vc_row]<\/p>\n","protected":false},"excerpt":{"rendered":"<p>[vc_row][vc_column width=&#8221;1\/1&#8243;][vc_single_image image=&#8221;7266&#8243; style=&#8221;rounded&#8221; visibility=&#8221;all&#8221;][vc_column_text visibility=&#8221;all&#8221;] Suposem que ets propietari d&#8217;un terreny a l&#8217;Empord\u00e0 &#8211; b\u00e9 perqu\u00e8 ja ho tenies o perqu\u00e8 vas contractar els nostres serveis de recerca de cases i terrenys-, i ara vols construir-te en ell la casa dels teus somnis. Si has vist els exemples de les cases que tenim en venda en l&#8217;actualitat &#8211; tant&#8230;<\/p>\n<div><a href=\"https:\/\/www.casessingulars.cat\/ca\/obra-nova-emporda\/\" class=\"read-more\">Read More <i class=\"fa fa-arrow-circle-o-right\"><\/i><\/a><\/div>\n","protected":false},"author":1,"featured_media":0,"parent":0,"menu_order":0,"comment_status":"open","ping_status":"closed","template":"","meta":{"footnotes":""},"class_list":["post-7255","page","type-page","status-publish","hentry","no-featured"],"aioseo_notices":[],"_links":{"self":[{"href":"https:\/\/www.casessingulars.cat\/ca\/wp-json\/wp\/v2\/pages\/7255","targetHints":{"allow":["GET"]}}],"collection":[{"href":"https:\/\/www.casessingulars.cat\/ca\/wp-json\/wp\/v2\/pages"}],"about":[{"href":"https:\/\/www.casessingulars.cat\/ca\/wp-json\/wp\/v2\/types\/page"}],"author":[{"embeddable":true,"href":"https:\/\/www.casessingulars.cat\/ca\/wp-json\/wp\/v2\/users\/1"}],"replies":[{"embeddable":true,"href":"https:\/\/www.casessingulars.cat\/ca\/wp-json\/wp\/v2\/comments?post=7255"}],"version-history":[{"count":0,"href":"https:\/\/www.casessingulars.cat\/ca\/wp-json\/wp\/v2\/pages\/7255\/revisions"}],"wp:attachment":[{"href":"https:\/\/www.casessingulars.cat\/ca\/wp-json\/wp\/v2\/media?parent=7255"}],"curies":[{"name":"wp","href":"https:\/\/api.w.org\/{rel}","templated":true}]}}