{"id":7219,"date":"2014-12-26T08:45:59","date_gmt":"2014-12-26T08:45:59","guid":{"rendered":"http:\/\/www.casessingulars.cat\/?page_id=7219"},"modified":"2020-11-17T17:55:43","modified_gmt":"2020-11-17T17:55:43","slug":"pals","status":"publish","type":"page","link":"https:\/\/www.casessingulars.cat\/ca\/emporda\/pals\/","title":{"rendered":"Pals"},"content":{"rendered":"<p>[vc_row][vc_column][vc_single_image image=&#8221;7311&#8243; style=&#8221;rounded&#8221;][vc_empty_space][vc_column_text]<\/p>\n<p style=\"text-align: justify;\">El poble de Pals, Baix Empord\u00e0, ha sabut mantenir preservat de les especulacions urban\u00edstiques d&#8217;aquests \u00faltims anys. Situat a tan sols 3 quil\u00f2metres de la platja de Pals, a 68 de la frontera amb Fran\u00e7a, ia pocs quil\u00f2metres de les localitats de Begur i Palafrugell -poblacions que al seu torn t&#8217;ofereixen les millors platges de la Costa Brava, compta amb poc m\u00e9s de 2.800 habitants i tres nuclis de poblaci\u00f3: El Poble Medieval de Pals, Els Massos de Pals i la Platja de Pals.<\/p>\n<p style=\"text-align: justify;\">El Poble Medieval de Pals es troba situat en un cim, des d&#8217;on es contempla una vista magn\u00edfica de l&#8217;Empord\u00e0. \u00c9s un dels municipis m\u00e9s interessants de la comarca per la varietat del seu paisatge i la riquesa del seu llegat patrimonial.<\/p>\n<p style=\"text-align: justify;\">Quan arribes a la platja de Pals, podr\u00e0s gaudir d&#8217;una de les platges m\u00e9s llargues i espectaculars de la Costa Brava. Formada per dunes de sorra fina i pins, t\u00e9 una longitud de m\u00e9s de 3,5 km i una magn\u00edfiques vistes de les Illes Medes.<\/p>\n<p style=\"text-align: justify;\">A Pals trobar\u00e0s tot tipus de botigues per a les compres b\u00e0siques, com peixateries, carnisseries, pastisseries, supermercats, fleques, farm\u00e0cies, estanc &#8230; i altres com floristeries, souvenirs&#8230; i tamb\u00e9 tot tipus de serveis de tipus cultural, oci i esport (golf, tennis&#8230;), aix\u00ed com gastron\u00f2mic (bars i restaurants).<\/p>\n<p style=\"text-align: justify;\">A prop de Pals trobes les cales i camins de ronda de Begur, les cales de Palafrugell, i pobles amb encant d&#8217;estil medieval com Peratallada, Canapost, Monells, Palau-sator, Cru\u00eflles, i l&#8217;espectacular Reserva Marina de les Illes Medes.<\/p>\n<p>[\/vc_column_text]\n    <div class=\"recent-properties\">\n\n            <\/div>\n\n[vc_separator][vc_btn title=&#8221;ALTRES CASES A LA VENDA&#8221; style=&#8221;flat&#8221; shape=&#8221;square&#8221; size=&#8221;lg&#8221; align=&#8221;center&#8221; button_block=&#8221;true&#8221; link=&#8221;url:https%3A%2F%2Fwww.casessingulars.cat%2Fca%2Fcases-venda-emporda%2F|title:Cases%20en%20Venda%20Emporda&#8221;][\/vc_column][\/vc_row]<\/p>\n","protected":false},"excerpt":{"rendered":"<p>[vc_row][vc_column][vc_single_image image=&#8221;7311&#8243; style=&#8221;rounded&#8221;][vc_empty_space][vc_column_text] El poble de Pals, Baix Empord\u00e0, ha sabut mantenir preservat de les especulacions urban\u00edstiques d&#8217;aquests \u00faltims anys. Situat a tan sols 3 quil\u00f2metres de la platja de Pals, a 68 de la frontera amb Fran\u00e7a, ia pocs quil\u00f2metres de les localitats de Begur i Palafrugell -poblacions que al seu torn t&#8217;ofereixen les millors platges de la Costa&#8230;<\/p>\n<div><a href=\"https:\/\/www.casessingulars.cat\/ca\/emporda\/pals\/\" class=\"read-more\">Read More <i class=\"fa fa-arrow-circle-o-right\"><\/i><\/a><\/div>\n","protected":false},"author":1,"featured_media":0,"parent":7211,"menu_order":0,"comment_status":"open","ping_status":"open","template":"","meta":{"footnotes":""},"class_list":["post-7219","page","type-page","status-publish","hentry","no-featured"],"aioseo_notices":[],"_links":{"self":[{"href":"https:\/\/www.casessingulars.cat\/ca\/wp-json\/wp\/v2\/pages\/7219","targetHints":{"allow":["GET"]}}],"collection":[{"href":"https:\/\/www.casessingulars.cat\/ca\/wp-json\/wp\/v2\/pages"}],"about":[{"href":"https:\/\/www.casessingulars.cat\/ca\/wp-json\/wp\/v2\/types\/page"}],"author":[{"embeddable":true,"href":"https:\/\/www.casessingulars.cat\/ca\/wp-json\/wp\/v2\/users\/1"}],"replies":[{"embeddable":true,"href":"https:\/\/www.casessingulars.cat\/ca\/wp-json\/wp\/v2\/comments?post=7219"}],"version-history":[{"count":0,"href":"https:\/\/www.casessingulars.cat\/ca\/wp-json\/wp\/v2\/pages\/7219\/revisions"}],"up":[{"embeddable":true,"href":"https:\/\/www.casessingulars.cat\/ca\/wp-json\/wp\/v2\/pages\/7211"}],"wp:attachment":[{"href":"https:\/\/www.casessingulars.cat\/ca\/wp-json\/wp\/v2\/media?parent=7219"}],"curies":[{"name":"wp","href":"https:\/\/api.w.org\/{rel}","templated":true}]}}