{"id":7217,"date":"2014-12-26T08:45:28","date_gmt":"2014-12-26T08:45:28","guid":{"rendered":"http:\/\/www.casessingulars.cat\/?page_id=7217"},"modified":"2020-11-17T17:12:03","modified_gmt":"2020-11-17T17:12:03","slug":"palau-sator","status":"publish","type":"page","link":"https:\/\/www.casessingulars.cat\/ca\/emporda\/palau-sator\/","title":{"rendered":"Palau-sator"},"content":{"rendered":"<p>[vc_row][vc_column][vc_single_image image=&#8221;7310&#8243; style=&#8221;rounded&#8221;][vc_empty_space][vc_column_text]<\/p>\n<p style=\"text-align: justify;\">El centre de Palau-sator, poble t\u00edpic del Baix Empord\u00e0, est\u00e0 situat a 6 quil\u00f2metres del poble de Pals i a 10 de Torroella de Montgr\u00ed. La frontera francesa la tens a tan sols 66 quil\u00f2metres; en nom\u00e9s 40 minuts arribes a Girona, ia 10 minuts gaudir\u00e0s d&#8217;alguna de les millors platges de la Costa Brava.<\/p>\n<p style=\"text-align: justify;\">Amb 294 habitants, aquesta localitat d&#8217;origen rom\u00e0, est\u00e0 situada al centre de la plana empordanesa, i t\u00e9 com a fons la serra de les Gavarres -pobladas de belles i infinites pinedas-. Conserva un ambient medieval en els seus carrers, amb restes de muralles i una torre, anomenada &#8220;De Les Hores&#8221;, pas obligat si vols entrar al poble, i cridada aix\u00ed per tenir a la part superior de la fa\u00e7ana un rellotge. Tamb\u00e9 destaca el seu Castell, el Monestir de Sant Pau i l&#8217;esgl\u00e9sia de Sant Feliu.<\/p>\n<p style=\"text-align: justify;\">Al centre de Palau-sator disposes d&#8217;una botiga de queviures on trobar\u00e0s tot l&#8217;indispensable per al dia a dia, aix\u00ed com el seu pa artesanal, fet al mateix poble. Hi ha un bar i diferents restaurants, alguns d&#8217;ells amb servei de menjar per emportar.<\/p>\n<p style=\"text-align: justify;\">A Palau-sator podr\u00e0s gaudir d&#8217;un entorn totalment rural de gran naturalesa i bellesa, i d&#8217;un ventall molt ampli d&#8217;activitats de tot tipus: visitar el seu curi\u00f3s Museu Rural, rutes BTT, passejades a cavall, quads i buggies, golf &amp; pitch &amp; putt, paintball, submarinisme, snorkeling, esqu\u00ed aqu\u00e0tic, sortides en globus, passejos en avioneta&#8230;.<\/p>\n<p>[\/vc_column_text]\n    <div class=\"recent-properties\">\n\n            <\/div>\n\n[vc_separator][vc_btn title=&#8221;ALTRES CASES A LA VENDA&#8221; style=&#8221;flat&#8221; shape=&#8221;square&#8221; size=&#8221;lg&#8221; align=&#8221;center&#8221; button_block=&#8221;true&#8221; link=&#8221;url:https%3A%2F%2Fwww.casessingulars.cat%2Fca%2Fcases-venda-emporda%2F|title:Cases%20en%20Venda%20Emporda&#8221;][\/vc_column][\/vc_row]<\/p>\n","protected":false},"excerpt":{"rendered":"<p>[vc_row][vc_column][vc_single_image image=&#8221;7310&#8243; style=&#8221;rounded&#8221;][vc_empty_space][vc_column_text] El centre de Palau-sator, poble t\u00edpic del Baix Empord\u00e0, est\u00e0 situat a 6 quil\u00f2metres del poble de Pals i a 10 de Torroella de Montgr\u00ed. La frontera francesa la tens a tan sols 66 quil\u00f2metres; en nom\u00e9s 40 minuts arribes a Girona, ia 10 minuts gaudir\u00e0s d&#8217;alguna de les millors platges de la Costa Brava. Amb 294&#8230;<\/p>\n<div><a href=\"https:\/\/www.casessingulars.cat\/ca\/emporda\/palau-sator\/\" class=\"read-more\">Read More <i class=\"fa fa-arrow-circle-o-right\"><\/i><\/a><\/div>\n","protected":false},"author":1,"featured_media":0,"parent":7211,"menu_order":0,"comment_status":"open","ping_status":"closed","template":"","meta":{"footnotes":""},"class_list":["post-7217","page","type-page","status-publish","hentry","no-featured"],"aioseo_notices":[],"_links":{"self":[{"href":"https:\/\/www.casessingulars.cat\/ca\/wp-json\/wp\/v2\/pages\/7217","targetHints":{"allow":["GET"]}}],"collection":[{"href":"https:\/\/www.casessingulars.cat\/ca\/wp-json\/wp\/v2\/pages"}],"about":[{"href":"https:\/\/www.casessingulars.cat\/ca\/wp-json\/wp\/v2\/types\/page"}],"author":[{"embeddable":true,"href":"https:\/\/www.casessingulars.cat\/ca\/wp-json\/wp\/v2\/users\/1"}],"replies":[{"embeddable":true,"href":"https:\/\/www.casessingulars.cat\/ca\/wp-json\/wp\/v2\/comments?post=7217"}],"version-history":[{"count":0,"href":"https:\/\/www.casessingulars.cat\/ca\/wp-json\/wp\/v2\/pages\/7217\/revisions"}],"up":[{"embeddable":true,"href":"https:\/\/www.casessingulars.cat\/ca\/wp-json\/wp\/v2\/pages\/7211"}],"wp:attachment":[{"href":"https:\/\/www.casessingulars.cat\/ca\/wp-json\/wp\/v2\/media?parent=7217"}],"curies":[{"name":"wp","href":"https:\/\/api.w.org\/{rel}","templated":true}]}}