{"id":7215,"date":"2014-12-26T08:44:19","date_gmt":"2014-12-26T08:44:19","guid":{"rendered":"http:\/\/www.casessingulars.cat\/?page_id=7215"},"modified":"2020-11-13T08:38:02","modified_gmt":"2020-11-13T08:38:02","slug":"bellcaire-emporda","status":"publish","type":"page","link":"https:\/\/www.casessingulars.cat\/ca\/emporda\/bellcaire-emporda\/","title":{"rendered":"Bellcaire d&#8217;Empord\u00e0"},"content":{"rendered":"<p>[vc_row][vc_column][vc_single_image image=&#8221;7306&#8243; style=&#8221;rounded&#8221;][vc_empty_space][vc_column_text]<\/p>\n<p style=\"text-align: justify;\">El poble de Bellcaire d&#8217;Empord\u00e0, comarca del Baix Empord\u00e0, es troba a tan sols 7 quil\u00f2metres de les platges de la localitat de L&#8217;Escala, 9 quil\u00f2metres d Emp\u00faries i a 50 quil\u00f2metres de la frontera francesa.<\/p>\n<p style=\"text-align: justify;\">El centre del poble disposes de botigues per a la compra de productes indispensables, com la carnisseria Santi, fleca, botiga de queviures, supermercat, quiosc de premsa, farm\u00e0cia, estanc, i tamb\u00e9 hi ha diversos bars i restaurants.<\/p>\n<p style=\"text-align: justify;\">La localitat, amb 667 habitants, conserva el Palau-Castell medieval de finals del segle XIII declarat monument hist\u00f2ric-nacional i l&#8217;esgl\u00e9sia rom\u00e0nica de Sant Joan de Bellcaire. Al centre del poble trobes el Rec del Mol\u00ed (Reg del Mol\u00ed), que actualment s&#8217;aprofita per al reg, per\u00f2 que antigament servia per proporcionar energia hidr\u00e0ulica als molins de la zona.<\/p>\n<p style=\"text-align: justify;\">Com a tradici\u00f3, des de 1979 cada divendres i dissabte Sant, a la pla\u00e7a del poble podr\u00e0s gaudir de la tradicional representaci\u00f3 de teatre medieval &#8220;Bandera de Catalunya&#8221; en qu\u00e8 participa tot el poble, aix\u00ed com del Mercat Medieval que se celebra durant el dia.<\/p>\n<p style=\"text-align: justify;\">Com tots els pobles de la comarca, Bellcaire d&#8217;Empord\u00e0 ofereix tranquil\u00b7litat i un entorn privilegiat, a prop tamb\u00e9 de les millors platges de la Costa Brava, tot aix\u00f2 per al gaudi de tota la fam\u00edlia durant tot l&#8217;any.<\/p>\n<p>[\/vc_column_text]\n    <div class=\"recent-properties\">\n\n            <\/div>\n\n[vc_separator][vc_btn title=&#8221;ALTRES CASES A LA VENDA&#8221; style=&#8221;flat&#8221; shape=&#8221;square&#8221; size=&#8221;lg&#8221; align=&#8221;center&#8221; button_block=&#8221;true&#8221; link=&#8221;url:https%3A%2F%2Fwww.casessingulars.cat%2Fca%2Fcases-venda-emporda%2F|title:Cases%20en%20Venda%20Emporda&#8221;][\/vc_column][\/vc_row]<\/p>\n","protected":false},"excerpt":{"rendered":"<p>[vc_row][vc_column][vc_single_image image=&#8221;7306&#8243; style=&#8221;rounded&#8221;][vc_empty_space][vc_column_text] El poble de Bellcaire d&#8217;Empord\u00e0, comarca del Baix Empord\u00e0, es troba a tan sols 7 quil\u00f2metres de les platges de la localitat de L&#8217;Escala, 9 quil\u00f2metres d Emp\u00faries i a 50 quil\u00f2metres de la frontera francesa. El centre del poble disposes de botigues per a la compra de productes indispensables, com la carnisseria Santi, fleca, botiga de&#8230;<\/p>\n<div><a href=\"https:\/\/www.casessingulars.cat\/ca\/emporda\/bellcaire-emporda\/\" class=\"read-more\">Read More <i class=\"fa fa-arrow-circle-o-right\"><\/i><\/a><\/div>\n","protected":false},"author":1,"featured_media":0,"parent":7211,"menu_order":0,"comment_status":"open","ping_status":"open","template":"","meta":{"footnotes":""},"class_list":["post-7215","page","type-page","status-publish","hentry","no-featured"],"aioseo_notices":[],"_links":{"self":[{"href":"https:\/\/www.casessingulars.cat\/ca\/wp-json\/wp\/v2\/pages\/7215","targetHints":{"allow":["GET"]}}],"collection":[{"href":"https:\/\/www.casessingulars.cat\/ca\/wp-json\/wp\/v2\/pages"}],"about":[{"href":"https:\/\/www.casessingulars.cat\/ca\/wp-json\/wp\/v2\/types\/page"}],"author":[{"embeddable":true,"href":"https:\/\/www.casessingulars.cat\/ca\/wp-json\/wp\/v2\/users\/1"}],"replies":[{"embeddable":true,"href":"https:\/\/www.casessingulars.cat\/ca\/wp-json\/wp\/v2\/comments?post=7215"}],"version-history":[{"count":0,"href":"https:\/\/www.casessingulars.cat\/ca\/wp-json\/wp\/v2\/pages\/7215\/revisions"}],"up":[{"embeddable":true,"href":"https:\/\/www.casessingulars.cat\/ca\/wp-json\/wp\/v2\/pages\/7211"}],"wp:attachment":[{"href":"https:\/\/www.casessingulars.cat\/ca\/wp-json\/wp\/v2\/media?parent=7215"}],"curies":[{"name":"wp","href":"https:\/\/api.w.org\/{rel}","templated":true}]}}