{"id":7213,"date":"2014-12-26T08:43:48","date_gmt":"2014-12-26T08:43:48","guid":{"rendered":"http:\/\/www.casessingulars.cat\/?page_id=7213"},"modified":"2020-11-13T08:02:23","modified_gmt":"2020-11-13T08:02:23","slug":"albons","status":"publish","type":"page","link":"https:\/\/www.casessingulars.cat\/ca\/emporda\/albons\/","title":{"rendered":"Albons"},"content":{"rendered":"<p>[vc_row][vc_column][vc_single_image image=&#8221;7303&#8243; style=&#8221;rounded&#8221;][vc_empty_space][vc_column_text]<\/p>\n<p style=\"text-align: justify;\">El poble d&#8217;Albons, pertanyent a la comarca del Baix Empord\u00e0, es troba a tan sols 4 quil\u00f2metres de les platges de la localitat de l&#8217;Escala i d&#8217;Emp\u00faries ia escassos 50 quil\u00f2metres de la frontera francesa.<\/p>\n<p style=\"text-align: justify;\">El centre del poble disposa de tot tipus de botigues de productes b\u00e0sics com pa, botigues de queviures, premsa, farm\u00e0cia, carnisseries i tamb\u00e9 diferents restaurants.<\/p>\n<p style=\"text-align: justify;\">Albons, que compta en l&#8217;actualitat amb 710 habitants, val la pena destacar la seva esgl\u00e9sia d&#8217;estil rom\u00e0nic i una de les torres del recinte emmurallat que encara es conserva. Podr\u00e0s tamb\u00e9 gaudir de les seves festes populars, la m\u00e9s important la de Carnaval, per\u00f2 tamb\u00e9 Sant Jaume o Sant Grau, totes elles amb molta participaci\u00f3 popular.<\/p>\n<p style=\"text-align: justify;\">Albons disposa d&#8217;unes vistes espectaculars al Montgr\u00ed, i \u00e9s el poble ideal per gaudir en fam\u00edlia de la natura i la tranquil\u00b7litat, prop del mar i envoltats de gran riquesa cultural, gastron\u00f2mica i paisatg\u00edstica.<\/p>\n<p>[\/vc_column_text]\n    <div class=\"recent-properties\">\n\n            <\/div>\n\n[vc_separator type=&#8221;line-with-text&#8221; color=&#8221;&#8221;][vc_btn title=&#8221;ALTRES CASES EN VENDA&#8221; style=&#8221;flat&#8221; shape=&#8221;square&#8221; size=&#8221;lg&#8221; align=&#8221;center&#8221; button_block=&#8221;true&#8221; link=&#8221;url:https%3A%2F%2Fwww.casessingulars.cat%2Fca%2Fcases-venda-emporda%2F|title:Cases%20en%20Venda%20Emporda&#8221;][\/vc_column][\/vc_row]<\/p>\n","protected":false},"excerpt":{"rendered":"<p>[vc_row][vc_column][vc_single_image image=&#8221;7303&#8243; style=&#8221;rounded&#8221;][vc_empty_space][vc_column_text] El poble d&#8217;Albons, pertanyent a la comarca del Baix Empord\u00e0, es troba a tan sols 4 quil\u00f2metres de les platges de la localitat de l&#8217;Escala i d&#8217;Emp\u00faries ia escassos 50 quil\u00f2metres de la frontera francesa. El centre del poble disposa de tot tipus de botigues de productes b\u00e0sics com pa, botigues de queviures, premsa, farm\u00e0cia, carnisseries i&#8230;<\/p>\n<div><a href=\"https:\/\/www.casessingulars.cat\/ca\/emporda\/albons\/\" class=\"read-more\">Read More <i class=\"fa fa-arrow-circle-o-right\"><\/i><\/a><\/div>\n","protected":false},"author":1,"featured_media":0,"parent":7211,"menu_order":0,"comment_status":"open","ping_status":"open","template":"","meta":{"footnotes":""},"class_list":["post-7213","page","type-page","status-publish","hentry","no-featured"],"aioseo_notices":[],"_links":{"self":[{"href":"https:\/\/www.casessingulars.cat\/ca\/wp-json\/wp\/v2\/pages\/7213","targetHints":{"allow":["GET"]}}],"collection":[{"href":"https:\/\/www.casessingulars.cat\/ca\/wp-json\/wp\/v2\/pages"}],"about":[{"href":"https:\/\/www.casessingulars.cat\/ca\/wp-json\/wp\/v2\/types\/page"}],"author":[{"embeddable":true,"href":"https:\/\/www.casessingulars.cat\/ca\/wp-json\/wp\/v2\/users\/1"}],"replies":[{"embeddable":true,"href":"https:\/\/www.casessingulars.cat\/ca\/wp-json\/wp\/v2\/comments?post=7213"}],"version-history":[{"count":0,"href":"https:\/\/www.casessingulars.cat\/ca\/wp-json\/wp\/v2\/pages\/7213\/revisions"}],"up":[{"embeddable":true,"href":"https:\/\/www.casessingulars.cat\/ca\/wp-json\/wp\/v2\/pages\/7211"}],"wp:attachment":[{"href":"https:\/\/www.casessingulars.cat\/ca\/wp-json\/wp\/v2\/media?parent=7213"}],"curies":[{"name":"wp","href":"https:\/\/api.w.org\/{rel}","templated":true}]}}