{"id":7209,"date":"2014-12-26T08:42:39","date_gmt":"2014-12-26T08:42:39","guid":{"rendered":"http:\/\/www.casessingulars.cat\/?page_id=7209"},"modified":"2020-11-17T16:13:15","modified_gmt":"2020-11-17T16:13:15","slug":"equip","status":"publish","type":"page","link":"https:\/\/www.casessingulars.cat\/ca\/equip\/","title":{"rendered":"Equip"},"content":{"rendered":"<p>[vc_row][vc_column][vc_single_image image=&#8221;7272&#8243; style=&#8221;rounded&#8221;]<hr  class=\"noo-gap\" style=\" margin: 30px 0 0 0;\"><blockquote  class=\"noo-quote text-center\" >\n  <p><p style=\"text-align: justify;\">Cases Singulars de l&#8217;Empord\u00e0 \u00e9s una idea nascuda de la il\u00b7lusi\u00f3 de dos socis, un promotor immobiliari amb m\u00e9s de 35 anys d&#8217;experi\u00e8ncia i una arquitecte amb m\u00e9s de 25, enamorats de la zona de l&#8217;Empord\u00e0 i del seu paisatge. Junts, han sumat coneixements per dedicar-se a la rehabilitaci\u00f3 i venda de cases amb m\u00e9s de 100 anys d&#8217;antiguitat, situades en els nuclis hist\u00f2rics -o propers a aquests- de pobles amb molt d&#8217;encant del Baix Empord\u00e0, a prop de les millors platges de la Costa Brava.<\/p>\n<\/p>\n  <cite title=\"Cases Singulars de l'Empord\u00e0\">Cases Singulars de l'Empord\u00e0<\/cite>\n<\/blockquote>[\/vc_column][\/vc_row][vc_row][vc_column width=&#8221;1\/2&#8243;][vc_column_text]<\/p>\n<p style=\"text-align: justify;\">A cada un dels <strong>habitatges antics que rehabilitem,<\/strong> els quals solen portar molts anys en des\u00fas, li donem una nova vida i imatge, respectant i potenciant una infinitat d&#8217;elements que els fan precisament singulars i \u00fanics.<\/p>\n<p style=\"text-align: justify;\">Per fer-ho, tot l&#8217;equip de persones que formem Cases Singulars, seguim uns <strong>rigorosos criteris de rehabilitaci\u00f3<\/strong> que per sobre de tot pretenen respectar l&#8217;estructura existent d&#8217;aquestes cases, la seva pedra natural, les seves fa\u00e7anes interiors i exteriors, els paviments antics, els sostres de bigues de fusta, la rajola de cer\u00e0mica, la volta catalana i els sostres sota teulada&#8230;<\/p>\n<p>[\/vc_column_text][vc_single_image image=&#8221;7273&#8243; style=&#8221;rounded&#8221;][\/vc_column][vc_column width=&#8221;1\/2&#8243;][vc_column_text]<\/p>\n<p style=\"text-align: justify;\">Al costat de l&#8217;anterior, en cada intervenci\u00f3 que realitzem <strong>utilitzant sempre materials i mobiliari de primer\u00edssima qualitat<\/strong>, potenciem al m\u00e0xim la llum natural d&#8217;aquestes cases -sobretot en les seves plantes baixes t\u00edpicament molt fosques-, interrelacionem els espais interiors amb els exteriors, i incorporem criteris que les fan sostenibles per al medi ambient.<\/p>\n<p style=\"text-align: justify;\">El resultat de la nostra intervenci\u00f3 el podr\u00e0s veure quan visiteu alguna de les <a title=\"cases en venta emporda\" href=\"\/?page_id=7421\">cases en venda a l\u00b4Empord\u00e0<\/a> de qu\u00e8 disposem en l&#8217;actualitat: veritables <strong>espais \u00fanics<\/strong>, lleugers, di\u00e0fans, aprofitats al m\u00e0xim, i amb un confort que els converteixen en llocs idonis per viure -o com a segona resid\u00e8ncia- de catalans, francesos, alemanys, holandesos, anglesos i fam\u00edlies de la resta d&#8217;Espanya, que captivats per la <strong>m\u00e0gia de l&#8217;Empord\u00e0<\/strong> i els seus pobles plens de tipisme i hist\u00f2ria, decideixen adquirir aquest tipus de propietats.<\/p>\n<p>[\/vc_column_text][vc_single_image image=&#8221;7274&#8243; style=&#8221;rounded&#8221;][\/vc_column][\/vc_row][vc_row][vc_column]<hr  class=\"noo-gap\" style=\" margin: 30px 0 0 0;\">[vc_column_text]<\/p>\n<p style=\"text-align: center;\">Revisa el men\u00fa superior en qu\u00e8 et parlem dels pobles de l&#8217;Empord\u00e0 en els que tenim cases, i fet aix\u00f2, ves directament al men\u00fa de cases en venda.<\/p>\n<p>[\/vc_column_text][\/vc_column][\/vc_row][vc_row inner_container=&#8221;true&#8221;][vc_column][vc_btn title=&#8221;Cases en Venda al Baix Empord\u00e0&#8221; style=&#8221;flat&#8221; shape=&#8221;square&#8221; size=&#8221;lg&#8221; align=&#8221;center&#8221; button_block=&#8221;true&#8221; link=&#8221;url:https%3A%2F%2Fwww.casessingulars.cat%2Fca%2Fcases-venda-emporda%2F|title:Cases%20en%20Venda%20Emporda&#8221;][\/vc_column][\/vc_row]<\/p>\n","protected":false},"excerpt":{"rendered":"<p>[vc_row][vc_column][vc_single_image image=&#8221;7272&#8243; style=&#8221;rounded&#8221;][\/vc_column][\/vc_row][vc_row][vc_column width=&#8221;1\/2&#8243;][vc_column_text] A cada un dels habitatges antics que rehabilitem, els quals solen portar molts anys en des\u00fas, li donem una nova vida i imatge, respectant i potenciant una infinitat d&#8217;elements que els fan precisament singulars i \u00fanics. Per fer-ho, tot l&#8217;equip de persones que formem Cases Singulars, seguim uns rigorosos criteris de rehabilitaci\u00f3 que per sobre de&#8230;<\/p>\n<div><a href=\"https:\/\/www.casessingulars.cat\/ca\/equip\/\" class=\"read-more\">Read More <i class=\"fa fa-arrow-circle-o-right\"><\/i><\/a><\/div>\n","protected":false},"author":1,"featured_media":0,"parent":0,"menu_order":0,"comment_status":"closed","ping_status":"closed","template":"","meta":{"footnotes":""},"class_list":["post-7209","page","type-page","status-publish","hentry","no-featured"],"aioseo_notices":[],"_links":{"self":[{"href":"https:\/\/www.casessingulars.cat\/ca\/wp-json\/wp\/v2\/pages\/7209","targetHints":{"allow":["GET"]}}],"collection":[{"href":"https:\/\/www.casessingulars.cat\/ca\/wp-json\/wp\/v2\/pages"}],"about":[{"href":"https:\/\/www.casessingulars.cat\/ca\/wp-json\/wp\/v2\/types\/page"}],"author":[{"embeddable":true,"href":"https:\/\/www.casessingulars.cat\/ca\/wp-json\/wp\/v2\/users\/1"}],"replies":[{"embeddable":true,"href":"https:\/\/www.casessingulars.cat\/ca\/wp-json\/wp\/v2\/comments?post=7209"}],"version-history":[{"count":0,"href":"https:\/\/www.casessingulars.cat\/ca\/wp-json\/wp\/v2\/pages\/7209\/revisions"}],"wp:attachment":[{"href":"https:\/\/www.casessingulars.cat\/ca\/wp-json\/wp\/v2\/media?parent=7209"}],"curies":[{"name":"wp","href":"https:\/\/api.w.org\/{rel}","templated":true}]}}