{"id":6403,"date":"2014-09-29T01:20:20","date_gmt":"2014-09-29T01:20:20","guid":{"rendered":"http:\/\/wp.nootheme.com\/citilights\/dummy\/?page_id=6403"},"modified":"2024-12-09T16:58:23","modified_gmt":"2024-12-09T16:58:23","slug":"home-realty-2","status":"publish","type":"page","link":"https:\/\/www.casessingulars.cat\/ca\/","title":{"rendered":"Home"},"content":{"rendered":"<p>[vc_row][vc_column]\n\t\t\t<!-- START B\u00f3vila video CATALA REVOLUTION SLIDER 6.7.40 --><p class=\"rs-p-wp-fix\"><\/p>\n\t\t\t<rs-module-wrap id=\"video_wrapper\" data-source=\"gallery\" style=\"visibility:hidden;background:#2d3032;padding:0;\">\n\t\t\t\t<rs-module id=\"video\" style=\"\" data-version=\"6.7.40\">\n\t\t\t\t\t<rs-slides style=\"overflow: hidden; position: absolute;\">\n\t\t\t\t\t\t<rs-slide style=\"position: absolute;\" data-key=\"rs-60\" data-title=\"Slide\" data-anim=\"ms:600;\" data-in=\"o:0;\" data-out=\"a:false;\">\n\t\t\t\t\t\t\t<img decoding=\"async\" src=\"\/\/www.casessingulars.cat\/wp-content\/plugins\/revslider\/sr6\/assets\/assets\/dummy.png\" alt=\"\" title=\"FRONTAL-La-Bovila-de-Pals\" width=\"1920\" height=\"1280\" class=\"rev-slidebg tp-rs-img rs-lazyload\" data-lazyload=\"\/\/www.casessingulars.cat\/wp-content\/uploads\/2025\/10\/FRONTAL-La-Bovila-de-Pals.jpg\" data-bg=\"p:center bottom;\" data-no-retina>\n<!--\n\t\t\t\t\t\t\t--><a\n\t\t\t\t\t\t\t\tid=\"slider-18-slide-60-layer-8\" \n\t\t\t\t\t\t\t\tclass=\"rs-layer rev-btn\"\n\t\t\t\t\t\t\t\thref=\"https:\/\/www.casessingulars.cat\/ca\/la-bovila-de-pals\/\" target=\"_self\" rel=\"nofollow\"\n\t\t\t\t\t\t\t\tdata-type=\"button\"\n\t\t\t\t\t\t\t\tdata-rsp_ch=\"on\"\n\t\t\t\t\t\t\t\tdata-xy=\"x:c;yo:510px,510px,510px,544px;\"\n\t\t\t\t\t\t\t\tdata-text=\"w:normal;s:17,17,17,18;l:40,40,40,42;fw:500;\"\n\t\t\t\t\t\t\t\tdata-dim=\"minh:0px,0px,0px,none;\"\n\t\t\t\t\t\t\t\tdata-padding=\"r:25,25,25,10;l:25,25,25,10;\"\n\t\t\t\t\t\t\t\tdata-border=\"bos:solid;boc:rgba(255,255,255,0.35);bow:1px,1px,1px,1px;\"\n\t\t\t\t\t\t\t\tdata-frame_1=\"st:4500;sp:1500;sR:4500;\"\n\t\t\t\t\t\t\t\tdata-frame_999=\"o:0;st:w;sR:3000;\"\n\t\t\t\t\t\t\t\tdata-frame_hover=\"bgc:rgba(0,0,0,0);boc:rgba(255,255,255,0.75);bor:0px,0px,0px,0px;bos:solid;bow:1px,1px,1px,1px;e:power1.inOut;\"\n\t\t\t\t\t\t\t\tstyle=\"z-index:9;background-color:rgba(0,0,0,0);font-family:'Montserrat';\"\n\t\t\t\t\t\t\t>M\u00e9s informaci\u00f3 \n\t\t\t\t\t\t\t<\/a><!--\n\n\t\t\t\t\t\t\t--><rs-layer\n\t\t\t\t\t\t\t\tid=\"slider-18-slide-60-layer-10\" \n\t\t\t\t\t\t\t\tdata-type=\"image\"\n\t\t\t\t\t\t\t\tdata-rsp_ch=\"on\"\n\t\t\t\t\t\t\t\tdata-xy=\"x:c;yo:152px,152px,152px,70px;\"\n\t\t\t\t\t\t\t\tdata-text=\"w:normal;s:20,20,20,7;l:0,0,0,9;\"\n\t\t\t\t\t\t\t\tdata-dim=\"w:439px,439px,439px,330px;h:148px,148px,148px,111px;\"\n\t\t\t\t\t\t\t\tdata-frame_1=\"st:1500;sp:1500;sR:1500;\"\n\t\t\t\t\t\t\t\tdata-frame_999=\"o:0;st:w;sR:6000;\"\n\t\t\t\t\t\t\t\tstyle=\"z-index:15;\"\n\t\t\t\t\t\t\t><img decoding=\"async\" src=\"\/\/www.casessingulars.cat\/wp-content\/plugins\/revslider\/sr6\/assets\/assets\/dummy.png\" alt=\"\" class=\"tp-rs-img rs-lazyload\" width=\"613\" height=\"207\" data-lazyload=\"\/\/www.casessingulars.cat\/wp-content\/uploads\/2023\/02\/logo-la-bovila-BLANCO.png\" data-no-retina> \n\t\t\t\t\t\t\t<\/rs-layer><!--\n\n\t\t\t\t\t\t\t--><rs-layer\n\t\t\t\t\t\t\t\tid=\"slider-18-slide-60-layer-11\" \n\t\t\t\t\t\t\t\tdata-type=\"text\"\n\t\t\t\t\t\t\t\tdata-color=\"#264c3e\"\n\t\t\t\t\t\t\t\tdata-rsp_ch=\"on\"\n\t\t\t\t\t\t\t\tdata-xy=\"x:c;yo:300px,300px,300px,210px;\"\n\t\t\t\t\t\t\t\tdata-text=\"w:normal;s:20,20,20,18;l:25,25,25,24;a:left,left,left,center;\"\n\t\t\t\t\t\t\t\tdata-dim=\"w:auto,auto,auto,343px;\"\n\t\t\t\t\t\t\t\tdata-padding=\"t:6,6,6,2;r:12,12,12,5;b:6,6,6,2;l:12,12,12,5;\"\n\t\t\t\t\t\t\t\tdata-frame_1=\"st:2000;sp:1500;sR:2000;\"\n\t\t\t\t\t\t\t\tdata-frame_999=\"o:0;st:w;sR:5500;\"\n\t\t\t\t\t\t\t\tstyle=\"z-index:14;background-color:#ffffff;font-family:'Montserrat';\"\n\t\t\t\t\t\t\t><strong>\u00daltims 3 habitatges en venda!<\/strong> \n\t\t\t\t\t\t\t<\/rs-layer><!--\n\n\t\t\t\t\t\t\t--><rs-layer\n\t\t\t\t\t\t\t\tid=\"slider-18-slide-60-layer-18\" \n\t\t\t\t\t\t\t\tclass=\"tp-shape tp-shapewrapper\"\n\t\t\t\t\t\t\t\tdata-type=\"shape\"\n\t\t\t\t\t\t\t\tdata-xy=\"x:c;y:m;\"\n\t\t\t\t\t\t\t\tdata-text=\"a:inherit;\"\n\t\t\t\t\t\t\t\tdata-dim=\"w:100%;h:100%;\"\n\t\t\t\t\t\t\t\tdata-basealign=\"slide\"\n\t\t\t\t\t\t\t\tdata-rsp_o=\"off\"\n\t\t\t\t\t\t\t\tdata-rsp_bd=\"off\"\n\t\t\t\t\t\t\t\tdata-frame_1=\"sR:10;\"\n\t\t\t\t\t\t\t\tdata-frame_999=\"o:0;st:w;sp:3000;sR:8690;\"\n\t\t\t\t\t\t\t\tstyle=\"z-index:8;background-color:rgba(45,48,50,0.1);\"\n\t\t\t\t\t\t\t> \n\t\t\t\t\t\t\t<\/rs-layer><!--\n\n\t\t\t\t\t\t\t--><rs-layer\n\t\t\t\t\t\t\t\tid=\"slider-18-slide-60-layer-19\" \n\t\t\t\t\t\t\t\tclass=\"rs-svg\"\n\t\t\t\t\t\t\t\tdata-type=\"svg\"\n\t\t\t\t\t\t\t\tdata-color=\"rgba(255,255,255,1)\"\n\t\t\t\t\t\t\t\tdata-xy=\"x:c;y:m;yo:6px,6px,6px,0;\"\n\t\t\t\t\t\t\t\tdata-text=\"a:center;\"\n\t\t\t\t\t\t\t\tdata-dim=\"w:100px;h:100px;\"\n\t\t\t\t\t\t\t\tdata-actions='o:click;a:startlayer;layer:slider-18-slide-60-layer-22;||o:click;a:playvideo;layer:slider-18-slide-60-layer-22;||o:click;a:startlayer;layer:slider-18-slide-60-layer-23;||o:click;a:startlayer;layer:slider-18-slide-60-layer-24;'\n\t\t\t\t\t\t\t\tdata-svg_src=\"\/\/www.casessingulars.cat\/wp-content\/plugins\/revslider\/public\/assets\/svg\/av\/ic_play_arrow_24px.svg\"\n\t\t\t\t\t\t\t\tdata-svgi=\"c:rgba(255,255,255,1);\"\n\t\t\t\t\t\t\t\tdata-basealign=\"slide\"\n\t\t\t\t\t\t\t\tdata-rsp_o=\"off\"\n\t\t\t\t\t\t\t\tdata-rsp_bd=\"off\"\n\t\t\t\t\t\t\t\tdata-padding=\"t:20,20,20,13;r:20,20,20,13;b:20,20,20,13;l:20,20,20,13;\"\n\t\t\t\t\t\t\t\tdata-border=\"bos:solid;boc:rgba(255,255,255,1);bow:5px,5px,5px,5px;bor:50%,50%,50%,50%;\"\n\t\t\t\t\t\t\t\tdata-frame_0=\"y:50px;blu:10px;\"\n\t\t\t\t\t\t\t\tdata-frame_1=\"e:power4.out;st:3000;sp:1500;sR:3000;\"\n\t\t\t\t\t\t\t\tdata-frame_999=\"o:0;st:w;sR:4500;\"\n\t\t\t\t\t\t\t\tdata-frame_hover=\"boc:rgba(255,255,255,0.65);bor:50%,50%,50%,50%;bos:solid;bow:5px,5px,5px,5px;oX:50;oY:50;sp:150;e:none;\"\n\t\t\t\t\t\t\t\tstyle=\"z-index:11;font-family:'Open Sans';cursor:pointer;\"\n\t\t\t\t\t\t\t> \n\t\t\t\t\t\t\t<\/rs-layer><!--\n\n\t\t\t\t\t\t\t--><rs-layer\n\t\t\t\t\t\t\t\tid=\"slider-18-slide-60-layer-20\" \n\t\t\t\t\t\t\t\tdata-type=\"text\"\n\t\t\t\t\t\t\t\tdata-color=\"rgba(255,255,255,1)\"\n\t\t\t\t\t\t\t\tdata-xy=\"x:c;y:m;yo:76px,76px,76px,70px;\"\n\t\t\t\t\t\t\t\tdata-text=\"a:center;\"\n\t\t\t\t\t\t\t\tdata-rsp_o=\"off\"\n\t\t\t\t\t\t\t\tdata-rsp_bd=\"off\"\n\t\t\t\t\t\t\t\tdata-frame_0=\"y:50px;blu:10px;\"\n\t\t\t\t\t\t\t\tdata-frame_1=\"e:power4.out;st:3000;sp:1500;sR:3000;\"\n\t\t\t\t\t\t\t\tdata-frame_999=\"o:0;e:nothing;st:w;sR:4500;\"\n\t\t\t\t\t\t\t\tstyle=\"z-index:10;font-family:'Poppins';\"\n\t\t\t\t\t\t\t>Presentaci\u00f3 \n\t\t\t\t\t\t\t<\/rs-layer><!--\n\n\t\t\t\t\t\t\t--><rs-layer\n\t\t\t\t\t\t\t\tid=\"slider-18-slide-60-layer-22\" \n\t\t\t\t\t\t\t\tclass=\"rs-layer-video intrinsic-ignore\"\n\t\t\t\t\t\t\t\tdata-type=\"video\"\n\t\t\t\t\t\t\t\tdata-rsp_ch=\"on\"\n\t\t\t\t\t\t\t\tdata-xy=\"x:c;y:m;\"\n\t\t\t\t\t\t\t\tdata-text=\"l:22;a:inherit;\"\n\t\t\t\t\t\t\t\tdata-dim=\"w:960px,960px,960px,360px;h:540px,540px,540px,203px;\"\n\t\t\t\t\t\t\t\tdata-video=\"ap:false;vd:100;rwd:f;l:false;ptimer:false;nse:f;sav:f;inl:f;\"\n\t\t\t\t\t\t\t\tdata-ytid=\"z1sljBpJOfc\"\n\t\t\t\t\t\t\t\tdata-vatr=\"version=3&amp;enablejsapi=1&amp;html5=1&amp;hd=1&amp;wmode=opaque&amp;showinfo=0&amp;rel=0&amp;origin=https:\/\/www.casessingulars.cat;\"\n\t\t\t\t\t\t\t\tdata-frame_0=\"blu:20px;\"\n\t\t\t\t\t\t\t\tdata-frame_1=\"e:power4.out;sp:1000;sR:10;st:a;\"\n\t\t\t\t\t\t\t\tdata-frame_999=\"o:0;st:a;sp:1000;sR:7990;blu:20px;\"\n\t\t\t\t\t\t\t\tstyle=\"z-index:16;\"\n\t\t\t\t\t\t\t>\n\t\t\t\t\t\t\t<\/rs-layer><!--\n\n\t\t\t\t\t\t\t--><rs-layer\n\t\t\t\t\t\t\t\tid=\"slider-18-slide-60-layer-23\" \n\t\t\t\t\t\t\t\tclass=\"tp-shape tp-shapewrapper\"\n\t\t\t\t\t\t\t\tdata-type=\"shape\"\n\t\t\t\t\t\t\t\tdata-xy=\"x:c;y:m;\"\n\t\t\t\t\t\t\t\tdata-text=\"a:inherit;\"\n\t\t\t\t\t\t\t\tdata-dim=\"w:100%;h:100%;\"\n\t\t\t\t\t\t\t\tdata-basealign=\"slide\"\n\t\t\t\t\t\t\t\tdata-rsp_o=\"off\"\n\t\t\t\t\t\t\t\tdata-rsp_bd=\"off\"\n\t\t\t\t\t\t\t\tdata-frame_1=\"e:power4.out;sp:3000;sR:10;st:a;\"\n\t\t\t\t\t\t\t\tdata-frame_999=\"o:0;st:a;sp:1000;sR:5990;\"\n\t\t\t\t\t\t\t\tstyle=\"z-index:12;background-color:rgba(0,0,0,0.4);\"\n\t\t\t\t\t\t\t> \n\t\t\t\t\t\t\t<\/rs-layer><!--\n\n\t\t\t\t\t\t\t--><rs-layer\n\t\t\t\t\t\t\t\tid=\"slider-18-slide-60-layer-24\" \n\t\t\t\t\t\t\t\tclass=\"rs-svg\"\n\t\t\t\t\t\t\t\tdata-type=\"svg\"\n\t\t\t\t\t\t\t\tdata-color=\"rgba(255,255,255,1)\"\n\t\t\t\t\t\t\t\tdata-xy=\"x:r;xo:40px,40px,40px,20px;yo:40px,40px,40px,20px;\"\n\t\t\t\t\t\t\t\tdata-text=\"a:inherit;\"\n\t\t\t\t\t\t\t\tdata-dim=\"w:40px;h:40px;\"\n\t\t\t\t\t\t\t\tdata-actions='o:click;a:stopvideo;layer:slider-18-slide-60-layer-22;||o:click;a:stoplayer;layer:slider-18-slide-60-layer-22;||o:click;a:stoplayer;layer:slider-18-slide-60-layer-23;||o:click;a:stoplayer;layer:slider-18-slide-60-layer-24;'\n\t\t\t\t\t\t\t\tdata-svg_src=\"\/\/www.casessingulars.cat\/wp-content\/plugins\/revslider\/public\/assets\/svg\/navigation\/ic_close_36px.svg\"\n\t\t\t\t\t\t\t\tdata-svgi=\"c:rgba(255,255,255,1);\"\n\t\t\t\t\t\t\t\tdata-basealign=\"slide\"\n\t\t\t\t\t\t\t\tdata-rsp_o=\"off\"\n\t\t\t\t\t\t\t\tdata-rsp_bd=\"off\"\n\t\t\t\t\t\t\t\tdata-frame_0=\"y:50px;\"\n\t\t\t\t\t\t\t\tdata-frame_1=\"e:power4.out;sp:1000;st:a;\"\n\t\t\t\t\t\t\t\tdata-frame_999=\"o:0;st:a;sR:8000;\"\n\t\t\t\t\t\t\t\tdata-frame_hover=\"c:rgba(255,255,255,0.65);oX:50;oY:50;sp:150;e:none;\"\n\t\t\t\t\t\t\t\tstyle=\"z-index:13;font-family:'Open Sans';cursor:pointer;\"\n\t\t\t\t\t\t\t> \n\t\t\t\t\t\t\t<\/rs-layer><!--\n-->\t\t\t\t\t<\/rs-slide>\n\t\t\t\t\t<\/rs-slides>\n\t\t\t\t<\/rs-module>\n\t\t\t\t<script>\n\t\t\t\t\tsetREVStartSize({c: 'video',rl:[1240,1240,1240,480],el:[800,800,800,720],gw:[1240,1240,1240,480],gh:[800,800,800,720],type:'hero',justify:'',layout:'fullscreen',offsetContainer:'',offset:'',mh:\"0\"});if (window.RS_MODULES!==undefined && window.RS_MODULES.modules!==undefined && window.RS_MODULES.modules[\"video\"]!==undefined) {window.RS_MODULES.modules[\"video\"].once = false;window.revapi18 = undefined;if (window.RS_MODULES.checkMinimal!==undefined) window.RS_MODULES.checkMinimal()}\n\t\t\t\t<\/script>\n\t\t\t<\/rs-module-wrap>\n\t\t\t<!-- END REVOLUTION SLIDER -->\n[\/vc_column][\/vc_row][vc_row inner_container=&#8221;true&#8221; padding_top=&#8221;0&#8243; padding_bottom=&#8221;50&#8243;][vc_column]<hr  class=\"noo-gap\" style=\" margin: 40px 0 0 0;\">[vc_column_text]<\/p>\n<p style=\"text-align: justify;\"><strong>Cases en venda a l&#8217;Empord\u00e0<\/strong> molt a prop de les millors platges de la Costa Brava, situades en el mateix centre de pobles com <a href=\"https:\/\/www.casessingulars.cat\/ca\/emporda\/albons\/\"><strong>Albons<\/strong><\/a>, <strong><a href=\"https:\/\/www.casessingulars.cat\/ca\/emporda\/saus\/\">Saus<\/a><\/strong>, <a href=\"https:\/\/www.casessingulars.cat\/ca\/emporda\/pals\/\"><strong>Pals<\/strong><\/a>, poblacions singulars d\u00b4aquesta preciosa zona de Girona.<\/p>\n<p style=\"text-align: justify;\">T&#8217;oferim diverses <strong>cases en venda en el Alt i Baix Empord\u00e0<\/strong>, les quals hem constru\u00eft o b\u00e9 rehabilitat i reformat, seguint unes pautes arquitect\u00f2niques i d&#8217;interiorisme que ens permeten enaltir tot el seu encant genu\u00ed, aix\u00ed com recuperar i millorar les seves estructures i interiors tan caracter\u00edstics.<\/p>\n<p style=\"text-align: justify;\">En l&#8217;actualitat disposem de diverses cases en venda totalment acabades i tamb\u00e9 d\u00b4una nova promoci\u00f3 formada per <a href=\"https:\/\/www.casessingulars.cat\/ca\/la-bovila-de-pals\/\">11 cases unifamiliars d\u2019 OBRA NOVA, la B\u00f3vila de Pals<\/a>.<\/p>\n<p style=\"text-align: justify;\">Pots veure-les a continuaci\u00f3, o b\u00e9 fent clic al men\u00fa superior <strong><a title=\"cases en venda emporda\" href=\"\/?page_id=7421\">Cases en Venda<\/a><\/strong>.<\/p>\n<p>[\/vc_column_text]\n    <div class=\"recent-properties\">\n\n            <\/div>\n\n[\/vc_column][\/vc_row][vc_row inner_container=&#8221;true&#8221;][vc_column][vc_btn title=&#8221;Veure m\u00e9s cases en venda&#8221; style=&#8221;flat&#8221; shape=&#8221;square&#8221; size=&#8221;lg&#8221; align=&#8221;center&#8221; button_block=&#8221;true&#8221; link=&#8221;url:https%3A%2F%2Fwww.casessingulars.cat%2Fca%2Fcases-venda-emporda%2F|title:Cases%20en%20Venda%20Emporda&#8221;][\/vc_column][\/vc_row]<\/p>\n","protected":false},"excerpt":{"rendered":"<p>[vc_row][vc_column][\/vc_column][\/vc_row][vc_row inner_container=&#8221;true&#8221; padding_top=&#8221;0&#8243; padding_bottom=&#8221;50&#8243;][vc_column][vc_column_text] Cases en venda a l&#8217;Empord\u00e0 molt a prop de les millors platges de la Costa Brava, situades en el mateix centre de pobles com Albons, Saus, Pals, poblacions singulars d\u00b4aquesta preciosa zona de Girona. T&#8217;oferim diverses cases en venda en el Alt i Baix Empord\u00e0, les quals hem constru\u00eft o b\u00e9 rehabilitat i reformat, seguint unes&#8230;<\/p>\n<div><a href=\"https:\/\/www.casessingulars.cat\/ca\/\" class=\"read-more\">Read More <i class=\"fa fa-arrow-circle-o-right\"><\/i><\/a><\/div>\n","protected":false},"author":1,"featured_media":0,"parent":0,"menu_order":0,"comment_status":"open","ping_status":"closed","template":"page-full-width.php","meta":{"footnotes":""},"class_list":["post-6403","page","type-page","status-publish","hentry","no-featured"],"aioseo_notices":[],"_links":{"self":[{"href":"https:\/\/www.casessingulars.cat\/ca\/wp-json\/wp\/v2\/pages\/6403","targetHints":{"allow":["GET"]}}],"collection":[{"href":"https:\/\/www.casessingulars.cat\/ca\/wp-json\/wp\/v2\/pages"}],"about":[{"href":"https:\/\/www.casessingulars.cat\/ca\/wp-json\/wp\/v2\/types\/page"}],"author":[{"embeddable":true,"href":"https:\/\/www.casessingulars.cat\/ca\/wp-json\/wp\/v2\/users\/1"}],"replies":[{"embeddable":true,"href":"https:\/\/www.casessingulars.cat\/ca\/wp-json\/wp\/v2\/comments?post=6403"}],"version-history":[{"count":0,"href":"https:\/\/www.casessingulars.cat\/ca\/wp-json\/wp\/v2\/pages\/6403\/revisions"}],"wp:attachment":[{"href":"https:\/\/www.casessingulars.cat\/ca\/wp-json\/wp\/v2\/media?parent=6403"}],"curies":[{"name":"wp","href":"https:\/\/api.w.org\/{rel}","templated":true}]}}