{"id":6187,"date":"2014-09-19T10:07:01","date_gmt":"2014-09-19T10:07:01","guid":{"rendered":"http:\/\/wp.nootheme.com\/citilights\/dummy\/?page_id=6187"},"modified":"2025-05-06T11:57:48","modified_gmt":"2025-05-06T11:57:48","slug":"contacte","status":"publish","type":"page","link":"https:\/\/www.casessingulars.cat\/ca\/contacte\/","title":{"rendered":"Contacte"},"content":{"rendered":"<p>[vc_row padding_top=&#8221;0&#8243; padding_bottom=&#8221;0&#8243; class=&#8221;contact-info1&#8243;][vc_column][vc_column_text]<\/p>\n<h4 style=\"font-weight: 300; font-size: 24px; margin-bottom: 20px; margin-top: 0;\">Informaci\u00f3 de Contacte<\/h4>\n<p>[\/vc_column_text][vc_column_text]<b>Adre\u00e7a <\/b>Sant Elies, 29-35 Esc.B \u00a06\u00e8 2a \u00a008006 Barcelona<\/p>\n<div>M\u00f2bil\u00a0 (+34)\u00a0<a href=\"tel:609%2047%2074%2098\" target=\"_blank\" rel=\"noopener noreferrer\">602 252 215<\/a><\/div>\n<p>Tel\u00e8fon (+34) 934 185 060<\/p>\n<p><b>Email\u00a0<\/b><a href=\"mailto:contacta@casessingulars.cat\">contacta@casessingulars.cat<\/a><\/p>\n<p><b>Web <\/b><a title=\"Cases Singulars de l'Empord\u00e0\" href=\"http:\/\/www.casessingulars.cat\">http:\/\/www.casessingulars.cat<\/a>[\/vc_column_text][\/vc_column][\/vc_row][vc_row padding_top=&#8221;0&#8243; padding_bottom=&#8221;0&#8243; bg_color=&#8221;#f8f8f8&#8243;][vc_column width=&#8221;1\/2&#8243;][vc_gmaps link=&#8221;#E-8_JTNDaWZyYW1lJTIwc3JjJTNEJTIyaHR0cHMlM0ElMkYlMkZ3d3cuZ29vZ2xlLmNvbSUyRm1hcHMlMkZlbWJlZCUzRnBiJTNEJTIxMW0xOCUyMTFtMTIlMjExbTMlMjExZDI5OTIuNzA3NTM3MzE1NTkxJTIxMmQyLjEzOTE5NDczMjkwMDU1OCUyMTNkNDEuNDAyMTU3MzY4NjYyOSUyMTJtMyUyMTFmMCUyMTJmMCUyMTNmMCUyMTNtMiUyMTFpMTAyNCUyMTJpNzY4JTIxNGYxMy4xJTIxM20zJTIxMW0yJTIxMXMweDEyYTQ5ODc1NDg5MWMyNmQlMjUzQTB4YWM2OWIwNTFkNzY3ODM2OCUyMTJzQ2FycmVyJTJCZGUlMkJTYW50JTJCRWxpZXMlMjUyQyUyQjI5JTI1MkMlMkIwODAwNiUyQkJhcmNlbG9uYSUyMTVlMCUyMTNtMiUyMTFzZXMlMjEyc2VzJTIxNHYxNDU1MDk0NTQxOTc5JTIyJTIwd2lkdGglM0QlMjI2MDAlMjIlMjBoZWlnaHQlM0QlMjI0NTAlMjIlMjBmcmFtZWJvcmRlciUzRCUyMjAlMjIlMjBzdHlsZSUzRCUyMmJvcmRlciUzQTAlMjIlMjBhbGxvd2Z1bGxzY3JlZW4lM0UlM0MlMkZpZnJhbWUlM0U=&#8221; size=&#8221;750&#8243; disable_zooming=&#8221;true&#8221;][\/vc_column][vc_column width=&#8221;1\/2&#8243;][vc_row_inner padding_top=&#8221;0&#8243; padding_bottom=&#8221;0&#8243; class=&#8221;contact-desc1&#8243; custom_style=&#8221;padding-left: 85px;padding-top: 90px;&#8221;][vc_column_inner][vc_column_text]<\/p>\n<h4 style=\"font-weight: 300; font-size: 24px; margin-bottom: 20px;\">ESCRIU-NOS<\/h4>\n<p>Vols m\u00e9s informaci\u00f3 o t&#8217;agradaria visitar alguna d&#8217;aquestes cases en venda a l&#8217;Empord\u00e0? Contacta&#8217;ns omplint el seg\u00fcent formulari.[\/vc_column_text]\n<div class=\"wpcf7 no-js\" id=\"wpcf7-f7-o1\" lang=\"ca\" dir=\"ltr\" data-wpcf7-id=\"7\">\n<div class=\"screen-reader-response\"><p role=\"status\" aria-live=\"polite\" aria-atomic=\"true\"><\/p> <ul><\/ul><\/div>\n<form action=\"\/ca\/wp-json\/wp\/v2\/pages\/6187#wpcf7-f7-o1\" method=\"post\" class=\"wpcf7-form init\" aria-label=\"Formulari de contacte\" novalidate=\"novalidate\" data-status=\"init\">\n<fieldset class=\"hidden-fields-container\"><input type=\"hidden\" name=\"_wpcf7\" value=\"7\" \/><input type=\"hidden\" name=\"_wpcf7_version\" value=\"6.1.4\" \/><input type=\"hidden\" name=\"_wpcf7_locale\" value=\"ca\" \/><input type=\"hidden\" name=\"_wpcf7_unit_tag\" value=\"wpcf7-f7-o1\" \/><input type=\"hidden\" name=\"_wpcf7_container_post\" value=\"0\" \/><input type=\"hidden\" name=\"_wpcf7_posted_data_hash\" value=\"\" \/><input type=\"hidden\" name=\"_wpcf7_recaptcha_response\" value=\"\" \/>\n<\/fieldset>\n<p>El teu nom (obligatori)\n<\/p>\n<p><span class=\"wpcf7-form-control-wrap\" data-name=\"your-name\"><input size=\"40\" maxlength=\"400\" class=\"wpcf7-form-control wpcf7-text wpcf7-validates-as-required\" aria-required=\"true\" aria-invalid=\"false\" value=\"\" type=\"text\" name=\"your-name\" \/><\/span>\n<\/p>\n<p>El teu email (obligatori)\n<\/p>\n<p><span class=\"wpcf7-form-control-wrap\" data-name=\"your-email\"><input size=\"40\" maxlength=\"400\" class=\"wpcf7-form-control wpcf7-email wpcf7-validates-as-required wpcf7-text wpcf7-validates-as-email\" aria-required=\"true\" aria-invalid=\"false\" value=\"\" type=\"email\" name=\"your-email\" \/><\/span>\n<\/p>\n<p>Assumpte\n<\/p>\n<p><span class=\"wpcf7-form-control-wrap\" data-name=\"your-subject\"><input size=\"40\" maxlength=\"400\" class=\"wpcf7-form-control wpcf7-text\" aria-invalid=\"false\" value=\"\" type=\"text\" name=\"your-subject\" \/><\/span>\n<\/p>\n<p>El teu missatge\n<\/p>\n<p><span class=\"wpcf7-form-control-wrap\" data-name=\"your-message\"><textarea cols=\"40\" rows=\"10\" maxlength=\"2000\" class=\"wpcf7-form-control wpcf7-textarea\" aria-invalid=\"false\" name=\"your-message\"><\/textarea><\/span>\n<\/p>\n<p><input class=\"wpcf7-form-control wpcf7-submit has-spinner\" type=\"submit\" value=\"Enviar\" \/>\n<\/p><p style=\"display: none !important;\" class=\"akismet-fields-container\" data-prefix=\"_wpcf7_ak_\"><label>&#916;<textarea name=\"_wpcf7_ak_hp_textarea\" cols=\"45\" rows=\"8\" maxlength=\"100\"><\/textarea><\/label><input type=\"hidden\" id=\"ak_js_1\" name=\"_wpcf7_ak_js\" value=\"92\"\/><script>document.getElementById( \"ak_js_1\" ).setAttribute( \"value\", ( new Date() ).getTime() );<\/script><\/p><div class=\"wpcf7-response-output\" aria-hidden=\"true\"><\/div>\n<\/form>\n<\/div>\n[\/vc_column_inner][\/vc_row_inner][\/vc_column][\/vc_row]<\/p>\n","protected":false},"excerpt":{"rendered":"<p>[vc_row padding_top=&#8221;0&#8243; padding_bottom=&#8221;0&#8243; class=&#8221;contact-info1&#8243;][vc_column][vc_column_text] Informaci\u00f3 de Contacte [\/vc_column_text][vc_column_text]Adre\u00e7a Sant Elies, 29-35 Esc.B \u00a06\u00e8 2a \u00a008006 Barcelona M\u00f2bil\u00a0 (+34)\u00a0602 252 215 Tel\u00e8fon (+34) 934 185 060 Email\u00a0contacta@casessingulars.cat Web http:\/\/www.casessingulars.cat[\/vc_column_text][\/vc_column][\/vc_row][vc_row padding_top=&#8221;0&#8243; padding_bottom=&#8221;0&#8243; bg_color=&#8221;#f8f8f8&#8243;][vc_column width=&#8221;1\/2&#8243;][vc_gmaps link=&#8221;#E-8_JTNDaWZyYW1lJTIwc3JjJTNEJTIyaHR0cHMlM0ElMkYlMkZ3d3cuZ29vZ2xlLmNvbSUyRm1hcHMlMkZlbWJlZCUzRnBiJTNEJTIxMW0xOCUyMTFtMTIlMjExbTMlMjExZDI5OTIuNzA3NTM3MzE1NTkxJTIxMmQyLjEzOTE5NDczMjkwMDU1OCUyMTNkNDEuNDAyMTU3MzY4NjYyOSUyMTJtMyUyMTFmMCUyMTJmMCUyMTNmMCUyMTNtMiUyMTFpMTAyNCUyMTJpNzY4JTIxNGYxMy4xJTIxM20zJTIxMW0yJTIxMXMweDEyYTQ5ODc1NDg5MWMyNmQlMjUzQTB4YWM2OWIwNTFkNzY3ODM2OCUyMTJzQ2FycmVyJTJCZGUlMkJTYW50JTJCRWxpZXMlMjUyQyUyQjI5JTI1MkMlMkIwODAwNiUyQkJhcmNlbG9uYSUyMTVlMCUyMTNtMiUyMTFzZXMlMjEyc2VzJTIxNHYxNDU1MDk0NTQxOTc5JTIyJTIwd2lkdGglM0QlMjI2MDAlMjIlMjBoZWlnaHQlM0QlMjI0NTAlMjIlMjBmcmFtZWJvcmRlciUzRCUyMjAlMjIlMjBzdHlsZSUzRCUyMmJvcmRlciUzQTAlMjIlMjBhbGxvd2Z1bGxzY3JlZW4lM0UlM0MlMkZpZnJhbWUlM0U=&#8221; size=&#8221;750&#8243; disable_zooming=&#8221;true&#8221;][\/vc_column][vc_column width=&#8221;1\/2&#8243;][vc_row_inner padding_top=&#8221;0&#8243; padding_bottom=&#8221;0&#8243; class=&#8221;contact-desc1&#8243; custom_style=&#8221;padding-left: 85px;padding-top: 90px;&#8221;][vc_column_inner][vc_column_text] ESCRIU-NOS Vols m\u00e9s informaci\u00f3 o t&#8217;agradaria visitar alguna d&#8217;aquestes cases en venda a l&#8217;Empord\u00e0? Contacta&#8217;ns omplint el seg\u00fcent&#8230;<\/p>\n<div><a href=\"https:\/\/www.casessingulars.cat\/ca\/contacte\/\" class=\"read-more\">Read More <i class=\"fa fa-arrow-circle-o-right\"><\/i><\/a><\/div>\n","protected":false},"author":1,"featured_media":0,"parent":0,"menu_order":0,"comment_status":"closed","ping_status":"closed","template":"","meta":{"footnotes":""},"class_list":["post-6187","page","type-page","status-publish","hentry","no-featured"],"aioseo_notices":[],"_links":{"self":[{"href":"https:\/\/www.casessingulars.cat\/ca\/wp-json\/wp\/v2\/pages\/6187","targetHints":{"allow":["GET"]}}],"collection":[{"href":"https:\/\/www.casessingulars.cat\/ca\/wp-json\/wp\/v2\/pages"}],"about":[{"href":"https:\/\/www.casessingulars.cat\/ca\/wp-json\/wp\/v2\/types\/page"}],"author":[{"embeddable":true,"href":"https:\/\/www.casessingulars.cat\/ca\/wp-json\/wp\/v2\/users\/1"}],"replies":[{"embeddable":true,"href":"https:\/\/www.casessingulars.cat\/ca\/wp-json\/wp\/v2\/comments?post=6187"}],"version-history":[{"count":0,"href":"https:\/\/www.casessingulars.cat\/ca\/wp-json\/wp\/v2\/pages\/6187\/revisions"}],"wp:attachment":[{"href":"https:\/\/www.casessingulars.cat\/ca\/wp-json\/wp\/v2\/media?parent=6187"}],"curies":[{"name":"wp","href":"https:\/\/api.w.org\/{rel}","templated":true}]}}