{"id":17816,"date":"2020-01-21T16:50:17","date_gmt":"2020-01-21T16:50:17","guid":{"rendered":"http:\/\/www.casessingulars.cat\/?page_id=17816"},"modified":"2020-11-17T17:32:46","modified_gmt":"2020-11-17T17:32:46","slug":"santacristinadaro","status":"publish","type":"page","link":"https:\/\/www.casessingulars.cat\/ca\/emporda\/santacristinadaro\/","title":{"rendered":"Santa Cristina d&#8217;Aro"},"content":{"rendered":"<p>[vc_row][vc_column][vc_single_image image=&#8221;17925&#8243; style=&#8221;rounded&#8221;][vc_empty_space][vc_column_text]El municipi de Santa Cristina d\u2019Aro est\u00e0 situat al centre de la Costa Brava, comarca del Baix Empord\u00e0, ubicaci\u00f3 que permet la bona comunicaci\u00f3 amb la resta de les poblacions, com tamb\u00e9 amb Girona, Barcelona i la frontera francesa. Per l\u2019autopista AP-7 (E-15), sortida 9.<\/p>\n<p>La immillorable situaci\u00f3 geogr\u00e0fica de Santa Cristina d\u2019Aro, envoltada per els Massissos de les Gavarres i de l\u2019Ardenya, ofereixen als visitants una destinaci\u00f3 perfecte per als amants de la natura i l\u2019esport.<\/p>\n<p>Al bell mig de la Costa Brava i a pocs quil\u00f2metres dels punts m\u00e9s bulliciosos, permet gaudir de la m\u00e9s extrema tranquil\u00b7litat i relax.<\/p>\n<p>Si t&#8217;agrada caminar o anar en bici , trobar\u00e0s rutes i racons que et faran embadalir, un entorn paisatg\u00edstic natural incomparable per fer sortides, practicar el golf, fer sorties a cavall,\u00a0 i anar a platges poc concorregudes.<\/p>\n<p>En un entorn natural tan privilegiat, Santa Cristina d&#8217;Aro es posiciona com un referent en la pr\u00e0ctica del golf, amb una traject\u00f2ria de m\u00e9s de mig segle en la pr\u00e0ctica i promoci\u00f3 d&#8217;aquest esport. En el mateix municipi podem trobar clubs de prestigi com el Club de Golf Costa Brava ( a 2,9 km \u2013 7 min) , el Club de Golf d\u2019Aro ( a 3,6 km \u2013 5 min), el Pitch &amp; Putt Mas,\u00a0 el Pitch &amp; Putt Mas Torrellas ( a 1,4 km \u2013 3 min)\u00a0 y\u00a0 Mas Tapioles ( 4,6 km \u2013 10 min).<\/p>\n<p>Tamb\u00e9 podr\u00e0s dur a terme activitats de caire cultural, retrobar-te amb l\u2019antiguitat, visitar esgl\u00e9sies &#8211; com sant Mart\u00ed de Romany\u00e0 &#8211; i conjunts megal\u00edtics que hi ha repartits per tot el municipi, aix\u00ed com descobrir grans personatges il\u00b7lustres com Merc\u00e8 Rodoreda i la seva ruta liter\u00e0ria.<\/p>\n<p>Santa Cristina d\u2019 Aro ofereix serveis de tots tipus, tant comer\u00e7 alimentari (supermercats, carnisseria, rostisseria, obrador etc);\u00a0 d\u00b4altres varis com farm\u00e0cia, perruqueria, llibreria, floristeria, gestoria,\u00a0 Immobili\u00e0ria, mec\u00e0nic; serveis sanitaris: centre d\u2019 Atenci\u00f3 Prim\u00e0ria, cl\u00ednica dental, de Lleure: bar, pubs, restaurants, hotels, allotjaments tur\u00edstics, c\u00e0mpings; Centres esportius etc.<\/p>\n<p>Santa Cristina d\u2019Aro \u00e9s, en definitiva, una poblaci\u00f3 amb encant, on viure o passar el temps de lleure durant qualsevol \u00e8poca de l\u2019any.[\/vc_column_text]\n    <div class=\"recent-properties\">\n\n            <\/div>\n\n[vc_separator][vc_btn title=&#8221;ALTRES CASES A LA VENDA&#8221; style=&#8221;flat&#8221; shape=&#8221;square&#8221; align=&#8221;center&#8221; button_block=&#8221;true&#8221; link=&#8221;url:https%3A%2F%2Fwww.casessingulars.cat%2Fca%2Fcases-venda-emporda%2F|title:Cases%20en%20Venda%20Emporda&#8221;][\/vc_column][\/vc_row]<\/p>\n","protected":false},"excerpt":{"rendered":"<p>[vc_row][vc_column][vc_single_image image=&#8221;17925&#8243; style=&#8221;rounded&#8221;][vc_empty_space][vc_column_text]El municipi de Santa Cristina d\u2019Aro est\u00e0 situat al centre de la Costa Brava, comarca del Baix Empord\u00e0, ubicaci\u00f3 que permet la bona comunicaci\u00f3 amb la resta de les poblacions, com tamb\u00e9 amb Girona, Barcelona i la frontera francesa. Per l\u2019autopista AP-7 (E-15), sortida 9. La immillorable situaci\u00f3 geogr\u00e0fica de Santa Cristina d\u2019Aro, envoltada per els Massissos de&#8230;<\/p>\n<div><a href=\"https:\/\/www.casessingulars.cat\/ca\/emporda\/santacristinadaro\/\" class=\"read-more\">Read More <i class=\"fa fa-arrow-circle-o-right\"><\/i><\/a><\/div>\n","protected":false},"author":1,"featured_media":0,"parent":7211,"menu_order":0,"comment_status":"closed","ping_status":"closed","template":"","meta":{"footnotes":""},"class_list":["post-17816","page","type-page","status-publish","hentry","no-featured"],"aioseo_notices":[],"_links":{"self":[{"href":"https:\/\/www.casessingulars.cat\/ca\/wp-json\/wp\/v2\/pages\/17816","targetHints":{"allow":["GET"]}}],"collection":[{"href":"https:\/\/www.casessingulars.cat\/ca\/wp-json\/wp\/v2\/pages"}],"about":[{"href":"https:\/\/www.casessingulars.cat\/ca\/wp-json\/wp\/v2\/types\/page"}],"author":[{"embeddable":true,"href":"https:\/\/www.casessingulars.cat\/ca\/wp-json\/wp\/v2\/users\/1"}],"replies":[{"embeddable":true,"href":"https:\/\/www.casessingulars.cat\/ca\/wp-json\/wp\/v2\/comments?post=17816"}],"version-history":[{"count":0,"href":"https:\/\/www.casessingulars.cat\/ca\/wp-json\/wp\/v2\/pages\/17816\/revisions"}],"up":[{"embeddable":true,"href":"https:\/\/www.casessingulars.cat\/ca\/wp-json\/wp\/v2\/pages\/7211"}],"wp:attachment":[{"href":"https:\/\/www.casessingulars.cat\/ca\/wp-json\/wp\/v2\/media?parent=17816"}],"curies":[{"name":"wp","href":"https:\/\/api.w.org\/{rel}","templated":true}]}}