{"id":12634,"date":"2017-12-19T09:32:33","date_gmt":"2017-12-19T09:32:33","guid":{"rendered":"http:\/\/www.casessingulars.cat\/ca\/?page_id=12634"},"modified":"2021-07-26T10:38:10","modified_gmt":"2021-07-26T10:38:10","slug":"abans-i-despres","status":"publish","type":"page","link":"https:\/\/www.casessingulars.cat\/ca\/abans-i-despres\/","title":{"rendered":"Abans i despr\u00e9s"},"content":{"rendered":"<p>[vc_row][vc_column][vc_column_text class=&#8221;blanco&#8221;]<\/p>\n<p id=\"tw-target-text\" class=\"tw-data-text tw-ta tw-text-small\" dir=\"ltr\" style=\"text-align: left;\" data-placeholder=\"Traducci\u00f3n\"><span lang=\"ca\">A Cases Singulars de l&#8217;Empord\u00e0 rehabilitem integralment i no maquillem. <\/span><\/p>\n<p class=\"tw-data-text tw-ta tw-text-small\" dir=\"ltr\" style=\"text-align: left;\" data-placeholder=\"Traducci\u00f3n\"><span lang=\"ca\">Rehabilitem cases amb encant que combinen la sensibilitat i el respecte per la recuperaci\u00f3 dels elements originals, amb un interiorisme de disseny i la qualitat dels materials m\u00e9s innovadors.<\/span><\/p>\n<p class=\"tw-data-text tw-ta tw-text-small\" dir=\"ltr\" style=\"text-align: left;\" data-placeholder=\"Traducci\u00f3n\"><span lang=\"ca\"> Seguim apostant per preservar el patrimoni hist\u00f2ric perqu\u00e8 creiem que respectar el passat \u00e9s creure en el futur. Aqu\u00ed pots veure en <strong>ABANS<\/strong> i el <strong>DESPR\u00c9S<\/strong> de les cases de poble que hem rehabilitat fins al dia d&#8217;avui. La difer\u00e8ncia \u00e9s sorprenent! <\/span><\/p>\n<p class=\"tw-data-text tw-ta tw-text-small\" dir=\"ltr\" style=\"text-align: left;\" data-placeholder=\"Traducci\u00f3n\"><span lang=\"ca\">Mirem enrere per seguir endavant &#8230;<\/span><\/p>\n<p>[\/vc_column_text]<hr  class=\"noo-gap\" style=\" margin: 40px 0 0 0;\">[\/vc_column][\/vc_row][vc_row][vc_column width=&#8221;1\/2&#8243;][\/vc_column][vc_column width=&#8221;1\/2&#8243;][vc_single_image image=&#8221;19875&#8243; style=&#8221;rounded&#8221; target=&#8221;true&#8221; href=&#8221;https:\/\/www.casessingulars.cat\/wp-content\/uploads\/2021\/07\/antes-y-despues-_abans-i-ara-SANTA-CRISTINA-DARO.pdf&#8221;][vc_column_text]<\/p>\n<h4 style=\"text-align: center;\"><a href=\"https:\/\/www.casessingulars.cat\/wp-content\/uploads\/2021\/07\/antes-y-despues-_abans-i-ara-SANTA-CRISTINA-DARO.pdf\">Cal Nano &#8211; Santa Cristina d&#8217; Aro<\/a><\/h4>\n<p>[\/vc_column_text][\/vc_column][\/vc_row][vc_row][vc_column]<hr  class=\"noo-gap\" >[\/vc_column][\/vc_row][vc_row][vc_column width=&#8221;1\/2&#8243;][vc_single_image image=&#8221;17539&#8243; style=&#8221;rounded&#8221; target=&#8221;true&#8221; href=&#8221;http:\/\/www.casessingulars.cat\/wp-content\/uploads\/2019\/10\/antes-y-despues-_abans-i-ara-CAN-RAJOLER.pdf&#8221;][vc_column_text]<\/p>\n<h4 style=\"text-align: center;\"><a href=\"http:\/\/www.casessingulars.cat\/wp-content\/uploads\/2019\/10\/antes-y-despues-_abans-i-ara-NORD-1-BELLCAIRE.pdf\">Can Rajoler &#8211; Pals<\/a><\/h4>\n<p>[\/vc_column_text][\/vc_column][vc_column width=&#8221;1\/2&#8243;][vc_single_image image=&#8221;17547&#8243; style=&#8221;rounded&#8221; target=&#8221;true&#8221; href=&#8221;http:\/\/www.casessingulars.cat\/wp-content\/uploads\/2019\/10\/antes-y-despues-_abans-i-ara-MAS-SUNYER.pdf&#8221;][vc_column_text]<\/p>\n<h4 style=\"text-align: center;\"><a href=\"http:\/\/www.casessingulars.cat\/wp-content\/uploads\/2019\/10\/antes-y-despues-_abans-i-ara-MAS-SUNYER.pdf\">Mas Sunyer &#8211; Serra de Dar\u00f3<\/a><\/h4>\n<p>[\/vc_column_text][\/vc_column][\/vc_row][vc_row][vc_column]<hr  class=\"noo-gap\" >[\/vc_column][\/vc_row][vc_row][vc_column width=&#8221;1\/2&#8243;][vc_single_image image=&#8221;17551&#8243; style=&#8221;rounded&#8221; target=&#8221;true&#8221; href=&#8221;http:\/\/www.casessingulars.cat\/wp-content\/uploads\/2019\/10\/antes-y-despues-_abans-i-ara-NORD-1-BELLCAIRE.pdf&#8221;][vc_column_text]<\/p>\n<h4 style=\"text-align: center;\"><a href=\"http:\/\/www.casessingulars.cat\/wp-content\/uploads\/2019\/10\/antes-y-despues-_abans-i-ara-NORD-1-BELLCAIRE.pdf\">C.Nord 1 &#8211; Bellcaire d&#8217; Empord\u00e0<\/a><\/h4>\n<p>[\/vc_column_text][\/vc_column][vc_column width=&#8221;1\/2&#8243;][vc_single_image image=&#8221;17535&#8243; style=&#8221;rounded&#8221; target=&#8221;true&#8221; href=&#8221;http:\/\/www.casessingulars.cat\/wp-content\/uploads\/2019\/10\/antes-y-despues-_abans-i-ara-ABEURADOR-23.10.2019.pdf&#8221;][vc_column_text]<\/p>\n<h4 style=\"text-align: center;\"><a href=\"http:\/\/www.casessingulars.cat\/wp-content\/uploads\/2019\/10\/antes-y-despues-_abans-i-ara-ABEURADOR-23.10.2019.pdf\">C. Abeurador\u00a0 &#8211; Pals<\/a><\/h4>\n<p>[\/vc_column_text][\/vc_column][\/vc_row][vc_row][vc_column]<hr  class=\"noo-gap\" >[\/vc_column][\/vc_row][vc_row][vc_column width=&#8221;1\/2&#8243;][vc_single_image image=&#8221;12626&#8243; style=&#8221;rounded&#8221; target=&#8221;true&#8221; href=&#8221;http:\/\/www.casessingulars.cat\/wp-content\/uploads\/2018\/01\/13.1-Antes-y-despu\u00e9s-Mas-MOSCAT-maig2017.pdf&#8221;][vc_column_text]<\/p>\n<h4 style=\"text-align: center;\"><a href=\"http:\/\/www.casessingulars.cat\/wp-content\/uploads\/2018\/01\/13.1-Antes-y-despu\u00e9s-Mas-MOSCAT-maig2017.pdf\">Mas Moscat &#8211; Pals<\/a><\/h4>\n<p>[\/vc_column_text][\/vc_column][vc_column width=&#8221;1\/2&#8243;][vc_single_image image=&#8221;12841&#8243; style=&#8221;rounded&#8221; target=&#8221;true&#8221; href=&#8221;http:\/\/www.casessingulars.cat\/wp-content\/uploads\/2018\/01\/Antes_y_despues_mota_1_palau_sator_emporda.pdf&#8221;][vc_column_text]<\/p>\n<h4 style=\"text-align: center;\"><a href=\"http:\/\/www.casessingulars.cat\/wp-content\/uploads\/2018\/01\/Antes_y_despues_mota_1_palau_sator_emporda.pdf\">Pla\u00e7a Mota 1 &#8211; Palau-sator<\/a><\/h4>\n<p>[\/vc_column_text][\/vc_column][\/vc_row][vc_row][vc_column]<hr  class=\"noo-gap\" >[\/vc_column][\/vc_row][vc_row][vc_column width=&#8221;1\/2&#8243;][vc_single_image image=&#8221;12784&#8243; style=&#8221;rounded&#8221; target=&#8221;true&#8221; href=&#8221;http:\/\/www.casessingulars.cat\/wp-content\/uploads\/2018\/01\/Antes-y-despues-Olivera-3-A-Albons.pdf&#8221;][vc_column_text]<\/p>\n<h4 style=\"text-align: center;\"><a href=\"http:\/\/www.casessingulars.cat\/wp-content\/uploads\/2018\/01\/Antes-y-despues-Olivera-3-A-Albons.pdf\">C. Olivera 3 A &#8211; Albons<\/a><\/h4>\n<p>[\/vc_column_text][\/vc_column][vc_column width=&#8221;1\/2&#8243;][vc_single_image image=&#8221;12796&#8243; style=&#8221;rounded&#8221; target=&#8221;true&#8221; href=&#8221;http:\/\/www.casessingulars.cat\/wp-content\/uploads\/2018\/01\/Antes_y_despues_olivera-_3_b_albons_casa_en_venta_rehabilitada_baix_emporda_cases_singulars.pdf&#8221;][vc_column_text]<\/p>\n<h4 style=\"text-align: center;\"><a href=\"http:\/\/www.casessingulars.cat\/wp-content\/uploads\/2018\/01\/Antes_y_despues_olivera-_3_b_albons_casa_en_venta_rehabilitada_baix_emporda_cases_singulars.pdf\">C.Olivera 3 B &#8211; Albons<\/a><\/h4>\n<p>[\/vc_column_text][\/vc_column][\/vc_row][vc_row][vc_column]<hr  class=\"noo-gap\" >[\/vc_column][\/vc_row][vc_row][vc_column width=&#8221;1\/2&#8243;][vc_single_image image=&#8221;12813&#8243; style=&#8221;rounded&#8221; target=&#8221;true&#8221; href=&#8221;http:\/\/www.casessingulars.cat\/wp-content\/uploads\/2018\/01\/antes-y-despues-_abans-i-ara-C.Moli-13-BELLCAIRE-EMPORD\u00c0.pdf&#8221;][vc_column_text]<\/p>\n<h4 style=\"text-align: center;\"><a href=\"http:\/\/casa_rehabilitada_en_venta_moli_13_bellcaire_emporda_cases_singulars\">C. Mol\u00ed, 13 &#8211; Bellcaire d&#8217; Empord\u00e0<\/a><\/h4>\n<p>[\/vc_column_text][\/vc_column][vc_column width=&#8221;1\/2&#8243;][vc_single_image image=&#8221;12834&#8243; style=&#8221;rounded&#8221; target=&#8221;true&#8221; href=&#8221;http:\/\/www.casessingulars.cat\/wp-content\/uploads\/2018\/01\/La_Torre_pals_casa_en_venta_rehabilitada_baix_emporda_girona_cases_singulars.pdf&#8221;][vc_column_text]<\/p>\n<h4 style=\"text-align: center;\"><a href=\"http:\/\/www.casessingulars.cat\/wp-content\/uploads\/2018\/01\/La_Torre_pals_casa_en_venta_rehabilitada_baix_emporda_girona_cases_singulars.pdf\">C. Torre 4\u00a0 &#8211; Pals<\/a><\/h4>\n<p>[\/vc_column_text][\/vc_column][\/vc_row][vc_row][vc_column]<hr  class=\"noo-gap\" >[\/vc_column][\/vc_row][vc_row][vc_column width=&#8221;1\/2&#8243;][vc_single_image image=&#8221;12874&#8243; style=&#8221;rounded&#8221; target=&#8221;true&#8221; href=&#8221;http:\/\/www.casessingulars.cat\/wp-content\/uploads\/2018\/01\/Samaria_34_pals_casa_rehabilitada_cases_singulars_emporda_girona.pdf&#8221;][vc_column_text]<\/p>\n<h4 style=\"text-align: center;\"><a href=\"http:\/\/www.casessingulars.cat\/wp-content\/uploads\/2018\/01\/Samaria_34_pals_casa_rehabilitada_cases_singulars_emporda_girona.pdf\">C. Sam\u00e0ria, 34 &#8211; Pals<\/a><\/h4>\n<p>[\/vc_column_text][\/vc_column][vc_column width=&#8221;1\/2&#8243;][vc_single_image image=&#8221;12878&#8243; style=&#8221;rounded&#8221; target=&#8221;true&#8221; href=&#8221;http:\/\/www.casessingulars.cat\/wp-content\/uploads\/2018\/01\/casa_en_venta_rehabilitada_samaria_55_pals_emporda_cases_singulars.pdf&#8221;][vc_column_text]<\/p>\n<h4 style=\"text-align: center;\"><a href=\"http:\/\/www.casessingulars.cat\/wp-content\/uploads\/2018\/01\/casa_en_venta_rehabilitada_samaria_55_pals_emporda_cases_singulars.pdf\">C. Sam\u00e0ria, 55\u00a0 &#8211; Pals<\/a><\/h4>\n<p>[\/vc_column_text][\/vc_column][\/vc_row][vc_row][vc_column]<hr  class=\"noo-gap\" >[\/vc_column][\/vc_row][vc_row][vc_column width=&#8221;1\/2&#8243;][vc_single_image image=&#8221;12882&#8243; style=&#8221;rounded&#8221; target=&#8221;true&#8221; href=&#8221;http:\/\/www.casessingulars.cat\/wp-content\/uploads\/2018\/01\/casa_en_venta_rehabilitada_pals_tras_samaria_emporda_cases_singulars.pdf&#8221;][vc_column_text]<\/p>\n<h4 style=\"text-align: center;\"><a href=\"http:\/\/www.casessingulars.cat\/wp-content\/uploads\/2018\/01\/casa_en_venta_rehabilitada_pals_tras_samaria_emporda_cases_singulars.pdf\">C. Tras Sam\u00e0ria, 14 &#8211; Pals<\/a><\/h4>\n<p>[\/vc_column_text][\/vc_column][vc_column width=&#8221;1\/2&#8243;][vc_single_image image=&#8221;12890&#8243; style=&#8221;rounded&#8221; target=&#8221;true&#8221; href=&#8221;http:\/\/www.casessingulars.cat\/wp-content\/uploads\/2018\/01\/casa_rehabilitada_albons_oli_22_cases_singulars_emporda.pdf&#8221;][vc_column_text]<\/p>\n<h4 style=\"text-align: center;\"><a href=\"http:\/\/www.casessingulars.cat\/wp-content\/uploads\/2018\/01\/casa_rehabilitada_albons_oli_22_cases_singulars_emporda.pdf\">C. Oli, 22\u00a0 &#8211; Albons<\/a><\/h4>\n<p>[\/vc_column_text][\/vc_column][\/vc_row][vc_row][vc_column]<hr  class=\"noo-gap\" >[\/vc_column][\/vc_row]<\/p>\n","protected":false},"excerpt":{"rendered":"<p>[vc_row][vc_column][vc_column_text class=&#8221;blanco&#8221;] A Cases Singulars de l&#8217;Empord\u00e0 rehabilitem integralment i no maquillem. Rehabilitem cases amb encant que combinen la sensibilitat i el respecte per la recuperaci\u00f3 dels elements originals, amb un interiorisme de disseny i la qualitat dels materials m\u00e9s innovadors. Seguim apostant per preservar el patrimoni hist\u00f2ric perqu\u00e8 creiem que respectar el passat \u00e9s creure en el futur. Aqu\u00ed&#8230;<\/p>\n<div><a href=\"https:\/\/www.casessingulars.cat\/ca\/abans-i-despres\/\" class=\"read-more\">Read More <i class=\"fa fa-arrow-circle-o-right\"><\/i><\/a><\/div>\n","protected":false},"author":1,"featured_media":0,"parent":0,"menu_order":0,"comment_status":"closed","ping_status":"closed","template":"","meta":{"footnotes":""},"class_list":["post-12634","page","type-page","status-publish","hentry","no-featured"],"aioseo_notices":[],"_links":{"self":[{"href":"https:\/\/www.casessingulars.cat\/ca\/wp-json\/wp\/v2\/pages\/12634","targetHints":{"allow":["GET"]}}],"collection":[{"href":"https:\/\/www.casessingulars.cat\/ca\/wp-json\/wp\/v2\/pages"}],"about":[{"href":"https:\/\/www.casessingulars.cat\/ca\/wp-json\/wp\/v2\/types\/page"}],"author":[{"embeddable":true,"href":"https:\/\/www.casessingulars.cat\/ca\/wp-json\/wp\/v2\/users\/1"}],"replies":[{"embeddable":true,"href":"https:\/\/www.casessingulars.cat\/ca\/wp-json\/wp\/v2\/comments?post=12634"}],"version-history":[{"count":0,"href":"https:\/\/www.casessingulars.cat\/ca\/wp-json\/wp\/v2\/pages\/12634\/revisions"}],"wp:attachment":[{"href":"https:\/\/www.casessingulars.cat\/ca\/wp-json\/wp\/v2\/media?parent=12634"}],"curies":[{"name":"wp","href":"https:\/\/api.w.org\/{rel}","templated":true}]}}